{"id":2757,"date":"2025-06-26T20:19:01","date_gmt":"2025-06-26T20:19:01","guid":{"rendered":"https:\/\/lightgoldenrodyellow-zebra-903636.hostingersite.com\/?page_id=2757"},"modified":"2025-10-08T08:19:09","modified_gmt":"2025-10-08T06:19:09","slug":"2757-2","status":"publish","type":"page","link":"https:\/\/energroupbhp.com\/pl\/2757-2\/","title":{"rendered":"Blog Posts"},"content":{"rendered":"<section class=\"section\" id=\"section_886987703\">\n\t\t<div class=\"section-bg fill\" >\n\t\t\t\t\t\t\t\t\t<div class=\"section-bg-overlay absolute fill\"><\/div>\n\t\t\t\n\n\t\t<\/div>\n\n\t\t\n\n\t\t<div class=\"section-content relative\">\n\t\t\t\n\n<div class=\"row row-large align-middle\"  id=\"row-2006045237\">\n\n\n\t<div id=\"col-1262017918\" class=\"col medium-6 small-12 large-6\"  >\n\t\t\t\t<div class=\"col-inner\"  >\n\t\t\t\n\t\t\t\n\n\t<div class=\"img has-hover x md-x lg-x y md-y lg-y\" id=\"image_1114972111\">\n\t\t\t\t\t\t\t\t<div class=\"img-inner dark\" >\n\t\t\t<img loading=\"lazy\" decoding=\"async\" width=\"900\" height=\"750\" src=\"https:\/\/energroupbhp.com\/wp-content\/uploads\/2025\/10\/05906700308222_MARKT_L.jpg\" class=\"attachment-2048x2048 size-2048x2048\" alt=\"\" srcset=\"https:\/\/energroupbhp.com\/wp-content\/uploads\/2025\/10\/05906700308222_MARKT_L.jpg 900w, https:\/\/energroupbhp.com\/wp-content\/uploads\/2025\/10\/05906700308222_MARKT_L-510x425.jpg 510w, https:\/\/energroupbhp.com\/wp-content\/uploads\/2025\/10\/05906700308222_MARKT_L-480x400.jpg 480w, https:\/\/energroupbhp.com\/wp-content\/uploads\/2025\/10\/05906700308222_MARKT_L-768x640.jpg 768w, https:\/\/energroupbhp.com\/wp-content\/uploads\/2025\/10\/05906700308222_MARKT_L-14x12.jpg 14w\" sizes=\"auto, (max-width: 900px) 100vw, 900px\" \/>\t\t\t\t\t\t\n\t\t\t\t\t<\/div>\n\t\t\t\t\t\t\t\t\n<style>\n#image_1114972111 {\n  width: 100%;\n}\n<\/style>\n\t<\/div>\n\t\n\n\n\t\t<\/div>\n\t\t\t\t\t<\/div>\n\n\t\n\n\t<div id=\"col-1084068760\" class=\"col medium-6 small-12 large-6\"  >\n\t\t\t\t<div class=\"col-inner text-left\"  >\n\t\t\t\n\t\t\t\n\n<h2>\ud83e\udde4 En-Er Group: Setting the Standard for High &#8211; Quality Safety Gloves in Poland<\/h2>\n<p data-start=\"258\" data-end=\"574\">Je\u015bli chodzi o bezpiecze\u0144stwo w miejscu pracy, <strong data-start=\"293\" data-end=\"338\">R\u0119ce s\u0105 pierwsz\u0105 lini\u0105 obrony <\/strong>and at <strong data-start=\"346\" data-end=\"364\">En-er Group<\/strong>, traktujemy to powa\u017cnie. Jako zaufany producent i dostawca najwy\u017cszej jako\u015bci <strong data-start=\"441\" data-end=\"458\">r\u0119kawice ochronne<\/strong>, Jeste\u015bmy dumni z dostarczania produkt\u00f3w, kt\u00f3re \u0142\u0105cz\u0105 w sobie <strong data-start=\"515\" data-end=\"554\">innowacyjno\u015b\u0107, komfort i ochrona<\/strong> dla ka\u017cdej bran\u017cy.<\/p>\n<h3 data-start=\"576\" data-end=\"624\">\ud83d\udc77\u200d\u2642\ufe0f Stworzone dla bezpiecze\u0144stwa. Zaprojektowane z my\u015bl\u0105 o komforcie.<\/h3>\n<p data-start=\"625\" data-end=\"789\">Niezale\u017cnie od tego, czy pracujesz w bran\u017cy budowlanej, produkcyjnej, logistycznej czy chemicznej, nasze r\u0119kawice s\u0105 zaprojektowane tak, aby sprosta\u0107 wymaganiom Twojego \u015brodowiska. Oferujemy:<\/p>\n<ul data-start=\"790\" data-end=\"1017\">\n<li data-start=\"790\" data-end=\"848\">\n<p data-start=\"792\" data-end=\"848\"><strong data-start=\"792\" data-end=\"816\">R\u0119kawice odporne na przeci\u0119cie<\/strong> do ostrych materia\u0142\u00f3w i narz\u0119dzi<\/p>\n<\/li>\n<li data-start=\"849\" data-end=\"905\">\n<p data-start=\"851\" data-end=\"905\"><strong data-start=\"851\" data-end=\"869\">R\u0119kawice termiczne<\/strong> do ch\u0142odni i pracy na zewn\u0105trz<\/p>\n<\/li>\n<li data-start=\"906\" data-end=\"962\">\n<p data-start=\"908\" data-end=\"962\"><strong data-start=\"908\" data-end=\"937\">R\u0119kawice odporne na chemikalia<\/strong> do niebezpiecznej obs\u0142ugi<\/p>\n<\/li>\n<li data-start=\"963\" data-end=\"1017\">\n<p data-start=\"965\" data-end=\"1017\"><strong data-start=\"965\" data-end=\"991\">R\u0119kawice og\u00f3lnego zastosowania<\/strong> dla codziennej ochrony<\/p>\n<\/li>\n<\/ul>\n<p data-start=\"1019\" data-end=\"1161\">Ka\u017cda para jest wykonana z <strong data-start=\"1042\" data-end=\"1063\">trwa\u0142e materia\u0142y<\/strong> i przechodzi rygorystyczn\u0105 kontrol\u0119 jako\u015bci, aby zapewni\u0107 zgodno\u015b\u0107 z polskimi i unijnymi normami bezpiecze\u0144stwa.<\/p>\n<a class=\"button secondary\" >\n\t\t<span>SHOP OUR GLOVES NOW<\/span>\n\t<\/a>\n\n\n\n\t\t<\/div>\n\t\t\t\t\t<\/div>\n\n\t\n\n<\/div>\n\n\t\t<\/div>\n\n\t\t\n<style>\n#section_886987703 {\n  padding-top: 60px;\n  padding-bottom: 60px;\n  background-color: rgb(193, 193, 193);\n}\n#section_886987703 .section-bg-overlay {\n  background-color: rgba(255, 255, 255, 0.85);\n}\n<\/style>\n\t<\/section>","protected":false},"excerpt":{"rendered":"","protected":false},"author":1,"featured_media":0,"parent":0,"menu_order":0,"comment_status":"closed","ping_status":"closed","template":"","meta":{"footnotes":""},"class_list":["post-2757","page","type-page","status-publish","hentry"],"_links":{"self":[{"href":"https:\/\/energroupbhp.com\/pl\/wp-json\/wp\/v2\/pages\/2757","targetHints":{"allow":["GET"]}}],"collection":[{"href":"https:\/\/energroupbhp.com\/pl\/wp-json\/wp\/v2\/pages"}],"about":[{"href":"https:\/\/energroupbhp.com\/pl\/wp-json\/wp\/v2\/types\/page"}],"author":[{"embeddable":true,"href":"https:\/\/energroupbhp.com\/pl\/wp-json\/wp\/v2\/users\/1"}],"replies":[{"embeddable":true,"href":"https:\/\/energroupbhp.com\/pl\/wp-json\/wp\/v2\/comments?post=2757"}],"version-history":[{"count":0,"href":"https:\/\/energroupbhp.com\/pl\/wp-json\/wp\/v2\/pages\/2757\/revisions"}],"wp:attachment":[{"href":"https:\/\/energroupbhp.com\/pl\/wp-json\/wp\/v2\/media?parent=2757"}],"curies":[{"name":"wp","href":"https:\/\/api.w.org\/{rel}","templated":true}]}}