{"id":92,"date":"2013-08-11T19:06:15","date_gmt":"2013-08-11T19:06:15","guid":{"rendered":"http:\/\/localhost:8888\/test\/?page_id=520"},"modified":"2025-11-18T15:10:49","modified_gmt":"2025-11-18T14:10:49","slug":"o","status":"publish","type":"page","link":"https:\/\/energroupbhp.com\/pl\/about\/","title":{"rendered":"O"},"content":{"rendered":"<div class=\"banner has-hover\" id=\"banner-611936189\">\n          <div class=\"banner-inner fill\">\n        <div class=\"banner-bg fill\" >\n                                    <div class=\"overlay\"><\/div>            \n                    <\/div>\n\t\t\n        <div class=\"banner-layers container\">\n            <div class=\"fill banner-link\"><\/div>            \n\n   <div id=\"text-box-798012174\" class=\"text-box banner-layer x50 md-x50 lg-x50 y90 md-y90 lg-y90 res-text\">\n                                <div class=\"text-box-content text dark\">\n              \n              <div class=\"text-inner text-center\">\n                  \n\n<h1 class=\"lead\">O NAS<\/h1>\n<p class=\"lead\">\u00a0<\/p>\n\n              <\/div>\n           <\/div>\n                            \n<style>\n#text-box-798012174 {\n  width: 47%;\n}\n#text-box-798012174 .text-box-content {\n  font-size: 100%;\n}\n<\/style>\n    <\/div>\n \n\n        <\/div>\n      <\/div>\n\n            \n<style>\n#banner-611936189 {\n  padding-top: 285px;\n}\n#banner-611936189 .overlay {\n  background-color: rgba(0, 0, 0, 0.49);\n}\n<\/style>\n  <\/div>\n\n\n\n\t<section class=\"section\" id=\"section_2094709994\">\n\t\t<div class=\"section-bg fill\" >\n\t\t\t\t\t\t\t\t\t\n\t\t\t\n\n\t\t<\/div>\n\n\t\t\n\n\t\t<div class=\"section-content relative\">\n\t\t\t\n\n<div class=\"row align-middle\"  id=\"row-1466410357\">\n\n\n\t<div id=\"col-1285603764\" class=\"col medium-5 small-12 large-5\"  >\n\t\t\t\t<div class=\"col-inner\"  >\n\t\t\t\n\t\t\t\n\n\n  <div class=\"banner has-hover\" id=\"banner-1480881443\">\n          <div class=\"banner-inner fill\">\n        <div class=\"banner-bg fill\" >\n            <img loading=\"lazy\" decoding=\"async\" width=\"1131\" height=\"1600\" src=\"https:\/\/energroupbhp.com\/wp-content\/uploads\/2025\/10\/Logo-targi.jpg\" class=\"bg attachment-2048x2048 size-2048x2048\" alt=\"\" \/>                                    \n                    <\/div>\n\t\t\n        <div class=\"banner-layers container\">\n            <div class=\"fill banner-link\"><\/div>            \n\n   <div id=\"text-box-1469820218\" class=\"text-box banner-layer x50 md-x50 lg-x50 y50 md-y50 lg-y50 res-text\">\n                                <div class=\"text-box-content text dark\">\n              \n              <div class=\"text-inner text-center\">\n                  \n\n\n              <\/div>\n           <\/div>\n                            \n<style>\n#text-box-1469820218 {\n  width: 60%;\n}\n#text-box-1469820218 .text-box-content {\n  font-size: 100%;\n}\n@media (min-width:550px) {\n  #text-box-1469820218 {\n    width: 60%;\n  }\n}\n<\/style>\n    <\/div>\n \n\n        <\/div>\n      <\/div>\n\n            \n<style>\n#banner-1480881443 {\n  padding-top: 50%;\n  background-color: rgb(255, 255, 255);\n}\n<\/style>\n  <\/div>\n\n\n\n\t\t<\/div>\n\t\t\t\t\t<\/div>\n\n\t\n\n\t<div id=\"col-31158018\" class=\"col medium-7 small-12 large-7\"  >\n\t\t\t\t<div class=\"col-inner\"  >\n\t\t\t\n\t\t\t\n\n\t<div id=\"gap-6635456\" class=\"gap-element clearfix\" style=\"display:block; height:auto;\">\n\t\t\n<style>\n#gap-6635456 {\n  padding-top: 30px;\n}\n<\/style>\n\t<\/div>\n\t\n\n\t<div id=\"text-1148441254\" class=\"text\">\n\t\t\n\n\n\t\t\n<style>\n#text-1148441254 {\n  font-size: 2.5rem;\n  line-height: 0.75;\n}\n<\/style>\n\t<\/div>\n\t\n<p>Firma En-Er Group Limited ma swoj\u0105 siedzib\u0119 i magazyn w S\u0119kocinie Nowym pod Warszaw\u0105. Specjalizujemy si\u0119 w produkcji i sprzeda\u017cy sk\u00f3rzanych r\u0119kawic roboczych. W fabryce w Pakistanie produkujemy wysokiej jako\u015bci r\u0119kawice. Jeste\u015bmy bezpo\u015brednim importerem. Nasze r\u0119kawice to produkty bardzo dobrej jako\u015bci AB kat. II. Ca\u0142y asortyment spe\u0142nia wymagania norm UE. Jako producent jeste\u015bmy w stanie dostosowa\u0107 produkty do preferencji i oczekiwa\u0144 naszych klient\u00f3w. Wykonujemy logotypy, zawieszki, zmieniamy kolory, wszywamy mankiety. Jeste\u015bmy obecni na polskim rynku od ponad 5 lat. Mo\u017cemy przedstawi\u0107 referencje. Jako producent mamy bardzo atrakcyjne ceny. Dzia\u0142amy dwutorowo: sprzedajemy towar do hurtowni, kt\u00f3ry regularnie sprowadzamy do naszego magazynu lub po\u015bredniczymy w zamawianiu spersonalizowanego towaru z fabryki. Wspieramy naszych klient\u00f3w w organizacji transportu i odpraw celnych. Wsp\u00f3\u0142pracujemy z wieloma hurtowniami i firmami na terenie ca\u0142ej Polski.<\/p>\n\n\t\t<\/div>\n\t\t\t\t\n<style>\n#col-31158018 > .col-inner {\n  padding: 0px 1% 0px 1%;\n}\n@media (min-width:550px) {\n  #col-31158018 > .col-inner {\n    padding: 0px 2% 0px 2%;\n  }\n}\n@media (min-width:850px) {\n  #col-31158018 > .col-inner {\n    padding: 0px 0px 0px 10%;\n  }\n}\n<\/style>\n\t<\/div>\n\n\t\n\n<\/div>\n\n\t\t<\/div>\n\n\t\t\n<style>\n#section_2094709994 {\n  padding-top: 30px;\n  padding-bottom: 30px;\n}\n<\/style>\n\t<\/section>","protected":false},"excerpt":{"rendered":"","protected":false},"author":1,"featured_media":18,"parent":0,"menu_order":0,"comment_status":"closed","ping_status":"closed","template":"page-transparent-header-light.php","meta":{"footnotes":""},"class_list":["post-92","page","type-page","status-publish","has-post-thumbnail","hentry"],"_links":{"self":[{"href":"https:\/\/energroupbhp.com\/pl\/wp-json\/wp\/v2\/pages\/92","targetHints":{"allow":["GET"]}}],"collection":[{"href":"https:\/\/energroupbhp.com\/pl\/wp-json\/wp\/v2\/pages"}],"about":[{"href":"https:\/\/energroupbhp.com\/pl\/wp-json\/wp\/v2\/types\/page"}],"author":[{"embeddable":true,"href":"https:\/\/energroupbhp.com\/pl\/wp-json\/wp\/v2\/users\/1"}],"replies":[{"embeddable":true,"href":"https:\/\/energroupbhp.com\/pl\/wp-json\/wp\/v2\/comments?post=92"}],"version-history":[{"count":0,"href":"https:\/\/energroupbhp.com\/pl\/wp-json\/wp\/v2\/pages\/92\/revisions"}],"wp:featuredmedia":[{"embeddable":true,"href":"https:\/\/energroupbhp.com\/pl\/wp-json\/wp\/v2\/media\/18"}],"wp:attachment":[{"href":"https:\/\/energroupbhp.com\/pl\/wp-json\/wp\/v2\/media?parent=92"}],"curies":[{"name":"wp","href":"https:\/\/api.w.org\/{rel}","templated":true}]}}