{"id":1610,"date":"2025-06-19T20:24:23","date_gmt":"2025-06-19T20:24:23","guid":{"rendered":"http:\/\/energroupbhp.com\/?post_type=product&#038;p=1610"},"modified":"2025-09-08T22:26:56","modified_gmt":"2025-09-08T20:26:56","slug":"kurtka-softshell-benefit-camino","status":"publish","type":"product","link":"https:\/\/energroupbhp.com\/pl\/produkt\/benefit-camino-softshell-jacket\/","title":{"rendered":"Kurtka softshell BENEFIT CAMINO - wodoodporna 8000 mm, oddychaj\u0105ca, z kapturem"},"content":{"rendered":"<div class=\"col-md-4\">\n<p data-start=\"547\" data-end=\"880\"><strong data-start=\"547\" data-end=\"582\">Kurtka softshell BENEFIT CAMINO<\/strong> do funkcjonalna kurtka robocza i outdoorowa wykonana z wysokiej jako\u015bci <strong data-start=\"655\" data-end=\"673\">100% poliestru<\/strong> w technologii <strong data-start=\"688\" data-end=\"719\">3-warstwowa z membran\u0105 TPU<\/strong>, o gramaturze <strong data-start=\"734\" data-end=\"746\">320 g\/m\u00b2<\/strong>. Dzi\u0119ki temu zapewnia doskona\u0142\u0105 ochron\u0119 przed wiatrem, deszczem i niskimi temperaturami, jednocze\u015bnie gwarantuj\u0105c komfort noszenia.<\/p>\n<p data-start=\"882\" data-end=\"1088\">Kurtka charakteryzuje si\u0119 wysok\u0105 wodoodporno\u015bci\u0105 na poziomie <strong data-start=\"943\" data-end=\"958\">8000 mm H\u2082O<\/strong> oraz oddychalno\u015bci\u0105 <strong data-start=\"979\" data-end=\"996\">1000 g\/m\u00b2\/24h<\/strong>, co sprawia, \u017ce \u015bwietnie sprawdza si\u0119 podczas pracy w trudnych warunkach atmosferycznych.<\/p>\n<p data-start=\"1090\" data-end=\"1128\">Wyposa\u017cona w praktyczne rozwi\u0105zania:<\/p>\n<ul data-start=\"1129\" data-end=\"1305\">\n<li data-start=\"1129\" data-end=\"1176\">\n<p data-start=\"1131\" data-end=\"1176\"><strong data-start=\"1131\" data-end=\"1152\">kaptur z daszkiem<\/strong>, chowany w ko\u0142nierzu,<\/p>\n<\/li>\n<li data-start=\"1177\" data-end=\"1212\">\n<p data-start=\"1179\" data-end=\"1212\"><strong data-start=\"1179\" data-end=\"1209\">kiesze\u0144 na piersi na zamek<\/strong>,<\/p>\n<\/li>\n<li data-start=\"1213\" data-end=\"1261\">\n<p data-start=\"1215\" data-end=\"1261\"><strong data-start=\"1215\" data-end=\"1258\">dwie boczne kieszenie zapinane na zamek<\/strong>,<\/p>\n<\/li>\n<li data-start=\"1262\" data-end=\"1305\">\n<p data-start=\"1264\" data-end=\"1305\"><strong data-start=\"1264\" data-end=\"1302\">r\u0119kawy wyko\u0144czone elastyczn\u0105 gumk\u0105<\/strong>.<\/p>\n<\/li>\n<\/ul>\n<p data-start=\"1307\" data-end=\"1447\">Prosta konstrukcja bez regulacji w pasie zapewnia wygod\u0119 i swobod\u0119 ruch\u00f3w, a dodatkowe detale zwi\u0119kszaj\u0105 trwa\u0142o\u015b\u0107 i funkcjonalno\u015b\u0107 kurtki.<\/p>\n<p data-start=\"1449\" data-end=\"1650\">BENEFIT CAMINO to niezawodny wyb\u00f3r dla os\u00f3b pracuj\u0105cych w budownictwie, transporcie czy serwisie, a tak\u017ce dla mi\u0142o\u015bnik\u00f3w outdooru, kt\u00f3rzy ceni\u0105 sobie <strong data-start=\"1599\" data-end=\"1629\">ochrona, trwa\u0142o\u015b\u0107 i wygoda<\/strong> w ka\u017cdej sytuacji.<\/p>\n<\/div>","protected":false},"excerpt":{"rendered":"<p data-start=\"292\" data-end=\"505\">BENEFIT CAMINO to nowoczesna kurtka softshell z kapturem chowanym w ko\u0142nierzu. Wodoodporna (8000 mm) i oddychaj\u0105ca (1000 g\/m\u00b2\/24h), wykonana z 3-warstwowego poliestru z membran\u0105 TPU. Idealna do pracy i na zewn\u0105trz.<\/p>","protected":false},"featured_media":1613,"comment_status":"open","ping_status":"closed","template":"","meta":[],"product_brand":[],"product_cat":[61],"product_tag":[294,300,299,293,290,297,245,296,298,295],"class_list":{"0":"post-1610","1":"product","2":"type-product","3":"status-publish","4":"has-post-thumbnail","6":"product_cat-kurtki-robocze-bhp","7":"product_tag-benefit-camino","8":"product_tag-kurtka-benefit-softshell","9":"product_tag-kurtka-meska-softshell","10":"product_tag-kurtka-ochronna-na-budowe","11":"product_tag-kurtka-oddychajaca-robocza","12":"product_tag-kurtka-robocza-z-kapturem","13":"product_tag-kurtka-softshell-robocza","14":"product_tag-odziez-bhp-softshell","15":"product_tag-softshell-outdoorowy","16":"product_tag-softshell-wodoodporny-8000-mm","18":"first","19":"","20":"taxable","21":"shipping-taxable","22":"product-type-variable"},"_links":{"self":[{"href":"https:\/\/energroupbhp.com\/pl\/wp-json\/wp\/v2\/product\/1610","targetHints":{"allow":["GET"]}}],"collection":[{"href":"https:\/\/energroupbhp.com\/pl\/wp-json\/wp\/v2\/product"}],"about":[{"href":"https:\/\/energroupbhp.com\/pl\/wp-json\/wp\/v2\/types\/product"}],"replies":[{"embeddable":true,"href":"https:\/\/energroupbhp.com\/pl\/wp-json\/wp\/v2\/comments?post=1610"}],"wp:featuredmedia":[{"embeddable":true,"href":"https:\/\/energroupbhp.com\/pl\/wp-json\/wp\/v2\/media\/1613"}],"wp:attachment":[{"href":"https:\/\/energroupbhp.com\/pl\/wp-json\/wp\/v2\/media?parent=1610"}],"wp:term":[{"taxonomy":"product_brand","embeddable":true,"href":"https:\/\/energroupbhp.com\/pl\/wp-json\/wp\/v2\/product_brand?post=1610"},{"taxonomy":"product_cat","embeddable":true,"href":"https:\/\/energroupbhp.com\/pl\/wp-json\/wp\/v2\/product_cat?post=1610"},{"taxonomy":"product_tag","embeddable":true,"href":"https:\/\/energroupbhp.com\/pl\/wp-json\/wp\/v2\/product_tag?post=1610"}],"curies":[{"name":"wp","href":"https:\/\/api.w.org\/{rel}","templated":true}]}}