{"id":1831,"date":"2025-06-23T20:59:01","date_gmt":"2025-06-23T20:59:01","guid":{"rendered":"http:\/\/energroupbhp.com\/?post_type=product&#038;p=1831"},"modified":"2026-04-03T12:27:31","modified_gmt":"2026-04-03T10:27:31","slug":"hogert-fabian-protective-trousers-navy-blue","status":"publish","type":"product","link":"https:\/\/energroupbhp.com\/pl\/produkt\/hogert-fabian-protective-trousers-navy-blue\/","title":{"rendered":"Spodnie ochronne HOGERT FABIAN granatowe"},"content":{"rendered":"<div id=\"opis-produktu\" class=\"wpb_row vc_row-fluid vc_row inner_row vc_custom_1626868672803 right_padding_89px left_padding_89px top_padding_tablet_34px bottom_padding_tablet_0px right_padding_tablet_34px left_padding_tablet_34px\" data-midnight=\"\" data-column-margin=\"default\">\n<div class=\"row_col_wrap_12_inner col span_12 left\">\n<div class=\"vc_col-sm-8 wpb_column column_container vc_column_container col child_column no-extra-padding inherit_tablet inherit_phone\" data-padding-pos=\"all\" data-has-bg-color=\"false\" data-bg-color=\"\" data-bg-opacity=\"1\" data-animation=\"\" data-delay=\"0\">\n<div class=\"vc_column-inner\">\n<div class=\"wpb_wrapper\">\n<div class=\"wpb_text_column wpb_content_element\">\n<div class=\"wpb_wrapper\">\n<p>Carefully designed men&#8217;s protective trousers that combine lightness with an ergonomic cut that does not restrict freedom of movement during work. The use of reflective elements improves the user&#8217;s visibility in conditions of limited lighting. The model is recommended for production and construction workers, especially where comfort and safety count.<\/p>\n<\/div>\n<\/div>\n<\/div>\n<\/div>\n<\/div>\n<\/div>\n<\/div>\n<div id=\"charakterystyka\" class=\"wpb_row vc_row-fluid vc_row inner_row vc_custom_1626868683321 right_padding_89px left_padding_89px bottom_padding_tablet_0px right_padding_tablet_34px left_padding_tablet_34px\" data-midnight=\"\" data-column-margin=\"default\">\n<div class=\"row_col_wrap_12_inner col span_12 left\">\n<div class=\"vc_col-sm-8 wpb_column column_container vc_column_container col child_column no-extra-padding inherit_tablet inherit_phone\" data-padding-pos=\"all\" data-has-bg-color=\"false\" data-bg-color=\"\" data-bg-opacity=\"1\" data-animation=\"\" data-delay=\"0\">\n<div class=\"vc_column-inner\">\n<div class=\"wpb_wrapper\">\n<div class=\"divider-wrap\" data-alignment=\"default\">\n<div class=\"divider-border\" data-width=\"100%\" data-animate=\"\" data-animation-delay=\"\" data-color=\"default\"><\/div>\n<\/div>\n<div class=\"wpb_text_column wpb_content_element\">\n<div class=\"wpb_wrapper\">\n<h3>Charakterystyka<\/h3>\n<\/div>\n<\/div>\n<div class=\"nectar-fancy-ul animated-in\" data-list-icon=\"fa fa-check-circle\" data-animation=\"true\" data-animation-delay=\"0\" data-color=\"extra-color-1\" data-spacing=\"default\" data-alignment=\"left\">\n<ul>\n<li><i class=\"icon-default-style fa fa-check-circle extra-color-1\"><\/i>materia\u0142:\u00a0<strong>65% poliester, 35% bawe\u0142na<\/strong>\u00a0;<\/li>\n<li><i class=\"icon-default-style fa fa-check-circle extra-color-1\"><\/i>waga:\u00a0<strong>190 g\/m\u00b2<\/strong>\u00a0;<\/li>\n<li><i class=\"icon-default-style fa fa-check-circle extra-color-1\"><\/i>wykonane zgodnie z\u00a0\u00a0<strong>EN ISO 13688<\/strong>\u00a0;<\/li>\n<li><i class=\"icon-default-style fa fa-check-circle extra-color-1\"><\/i>kieszenie:<br \/>\n\u2013 2 top pockets,<br \/>\n\u2013 1 back pocket;<\/li>\n<li><i class=\"icon-default-style fa fa-check-circle extra-color-1\"><\/i>mo\u017cliwo\u015b\u0107 wyd\u0142u\u017cenia n\u00f3g;<\/li>\n<li><i class=\"icon-default-style fa fa-check-circle extra-color-1\"><\/i>adjustment of the back of the waist with rubber, increasing freedom of movement and enabling a better fit;<\/li>\n<li><i class=\"icon-default-style fa fa-check-circle extra-color-1\"><\/i>waistband with button fastening, zippered fly;<\/li>\n<li><i class=\"icon-default-style fa fa-check-circle extra-color-1\"><\/i>szlufki na pasek;<\/li>\n<li><i class=\"icon-default-style fa fa-check-circle extra-color-1\"><\/i>reflective elements \u2013 back of trousers;<\/li>\n<li><i class=\"icon-default-style fa fa-check-circle extra-color-1\"><\/i>can be washed at 60\u00b0C.<\/li>\n<\/ul>\n<\/div>\n<\/div>\n<\/div>\n<\/div>\n<\/div>\n<\/div>","protected":false},"excerpt":{"rendered":"<p>Carefully designed men&#8217;s protective trousers that combine lightness with an ergonomic cut that does not restrict freedom of movement during work. The use of reflective elements improves the user&#8217;s visibility in conditions of limited lighting. The model is recommended for production and construction workers, especially where comfort and safety count. Characteristic fabric:\u00a065% polyester, 35% cotton\u00a0; [&#8230;]\n","protected":false},"featured_media":1834,"comment_status":"open","ping_status":"closed","template":"","meta":[],"product_brand":[],"product_cat":[74,100],"product_tag":[],"class_list":{"0":"post-1831","1":"product","2":"type-product","3":"status-publish","4":"has-post-thumbnail","6":"product_cat-spodnie-robocze-bhp","7":"product_cat-trousers-trousers","9":"first","10":"","11":"taxable","12":"shipping-taxable","13":"product-type-simple"},"_links":{"self":[{"href":"https:\/\/energroupbhp.com\/pl\/wp-json\/wp\/v2\/product\/1831","targetHints":{"allow":["GET"]}}],"collection":[{"href":"https:\/\/energroupbhp.com\/pl\/wp-json\/wp\/v2\/product"}],"about":[{"href":"https:\/\/energroupbhp.com\/pl\/wp-json\/wp\/v2\/types\/product"}],"replies":[{"embeddable":true,"href":"https:\/\/energroupbhp.com\/pl\/wp-json\/wp\/v2\/comments?post=1831"}],"wp:featuredmedia":[{"embeddable":true,"href":"https:\/\/energroupbhp.com\/pl\/wp-json\/wp\/v2\/media\/1834"}],"wp:attachment":[{"href":"https:\/\/energroupbhp.com\/pl\/wp-json\/wp\/v2\/media?parent=1831"}],"wp:term":[{"taxonomy":"product_brand","embeddable":true,"href":"https:\/\/energroupbhp.com\/pl\/wp-json\/wp\/v2\/product_brand?post=1831"},{"taxonomy":"product_cat","embeddable":true,"href":"https:\/\/energroupbhp.com\/pl\/wp-json\/wp\/v2\/product_cat?post=1831"},{"taxonomy":"product_tag","embeddable":true,"href":"https:\/\/energroupbhp.com\/pl\/wp-json\/wp\/v2\/product_tag?post=1831"}],"curies":[{"name":"wp","href":"https:\/\/api.w.org\/{rel}","templated":true}]}}