{"id":1847,"date":"2025-06-23T21:01:43","date_gmt":"2025-06-23T21:01:43","guid":{"rendered":"http:\/\/energroupbhp.com\/?post_type=product&#038;p=1847"},"modified":"2025-07-01T09:21:05","modified_gmt":"2025-07-01T09:21:05","slug":"spodnie-ochronne-hogert-edgar-ii","status":"publish","type":"product","link":"https:\/\/energroupbhp.com\/pl\/produkt\/hogert-edgar-ii-protective-trousers\/","title":{"rendered":"Spodnie ochronne HOGERT EDGAR II"},"content":{"rendered":"<div id=\"opis-produktu\" class=\"wpb_row vc_row-fluid vc_row inner_row  vc_custom_1626868672803 right_padding_89px left_padding_89px top_padding_tablet_34px bottom_padding_tablet_0px right_padding_tablet_34px left_padding_tablet_34px\" data-midnight=\"\" data-column-margin=\"default\">\n<div class=\"row_col_wrap_12_inner col span_12  left\">\n<div class=\"vc_col-sm-8 wpb_column column_container vc_column_container col child_column no-extra-padding inherit_tablet inherit_phone\" data-padding-pos=\"all\" data-has-bg-color=\"false\" data-bg-color=\"\" data-bg-opacity=\"1\" data-animation=\"\" data-delay=\"0\">\n<div class=\"vc_column-inner\">\n<div class=\"wpb_wrapper\">\n<div class=\"wpb_text_column wpb_content_element\">\n<div class=\"wpb_wrapper\">\n<p><span>Starannie wykonane grafitowe m\u0119skie spodnie ochronne. Wysokiej jako\u015bci materia\u0142y i mocny splot zapewniaj\u0105 trwa\u0142o\u015b\u0107 i wysoki komfort u\u017cytkowania. Kategoria ochrony indywidualnej I. Spodnie zgodne z norm\u0105 okre\u015blaj\u0105c\u0105 poziom ergonomii, oznaczenia rozmiar\u00f3w i nieszkodliwo\u015bci - EN ISO 340.<\/span><\/p>\n<\/div>\n<\/div>\n<\/div>\n<\/div>\n<\/div>\n<\/div>\n<\/div>\n<div id=\"charakterystyka\" class=\"wpb_row vc_row-fluid vc_row inner_row  vc_custom_1626868683321 right_padding_89px left_padding_89px bottom_padding_tablet_0px right_padding_tablet_34px left_padding_tablet_34px\" data-midnight=\"\" data-column-margin=\"default\">\n<div class=\"row_col_wrap_12_inner col span_12  left\">\n<div class=\"vc_col-sm-8 wpb_column column_container vc_column_container col child_column no-extra-padding inherit_tablet inherit_phone\" data-padding-pos=\"all\" data-has-bg-color=\"false\" data-bg-color=\"\" data-bg-opacity=\"1\" data-animation=\"\" data-delay=\"0\">\n<div class=\"vc_column-inner\">\n<div class=\"wpb_wrapper\">\n<div class=\"wpb_text_column wpb_content_element\">\n<div class=\"wpb_wrapper\">\n<h3><span>Charakterystyka<\/span><\/h3>\n<\/div>\n<\/div>\n<div class=\"nectar-fancy-ul animated-in\" data-list-icon=\"fa fa-check-circle\" data-animation=\"true\" data-animation-delay=\"0\" data-color=\"extra-color-1\" data-spacing=\"default\" data-alignment=\"left\">\n<ul>\n<li><i class=\"icon-default-style fa fa-check-circle extra-color-1\"><\/i><strong><span>Materia\u0142: 97% bawe\u0142na, 3% spandex<\/span><\/strong><span>\u00a0;<\/span><\/li>\n<li><i class=\"icon-default-style fa fa-check-circle extra-color-1\"><\/i><strong><span>waga: 270 g\/m\u00b2<\/span><\/strong><span>\u00a0;<\/span><\/li>\n<li><i class=\"icon-default-style fa fa-check-circle extra-color-1\"><\/i><span>wykonane zgodnie z\u00a0\u00a0<\/span><strong><span>EN ISO 340<\/span><\/strong><span>\u00a0;<\/span><\/li>\n<li><i class=\"icon-default-style fa fa-check-circle extra-color-1\"><\/i><strong><span>wzmocnienia: OXFORD 600D na kolanach<\/span><\/strong><span>\u00a0;<\/span><\/li>\n<li><i class=\"icon-default-style fa fa-check-circle extra-color-1\"><\/i><span>kieszenie:<\/span><\/li>\n<\/ul>\n<p><span>- 2 g\u0142\u0119bokie kieszenie boczne,<\/span><br \/>\n<span>- 1 kiesze\u0144 boczna na nogawce,<\/span><br \/>\n<span>- 2 wzmocnione tylne kieszenie z klap\u0105 na rzep,<\/span><br \/>\n<span>- 2 kieszenie na nakolanniki z zapi\u0119ciem na rzep;<\/span><\/p>\n<ul>\n<li><i class=\"icon-default-style fa fa-check-circle extra-color-1\"><\/i><span>od\u0142\u0105czane n\u00f3\u017cki umo\u017cliwiaj\u0105ce szybkie dostosowanie do warunk\u00f3w pracy;<\/span><\/li>\n<li><i class=\"icon-default-style fa fa-check-circle extra-color-1\"><\/i><span>elementy odblaskowe z przodu i z ty\u0142u;<\/span><\/li>\n<li><i class=\"icon-default-style fa fa-check-circle extra-color-1\"><\/i><span>Regulacja po bokach za pomoc\u0105 gumki.<\/span><\/li>\n<\/ul>\n<\/div>\n<\/div>\n<\/div>\n<\/div>\n<\/div>\n<\/div>","protected":false},"excerpt":{"rendered":"<p>Carefully made graphite men&#8217;s protective trousers. High-quality materials and strong weave ensure durability and high comfort of use. Individual protection category I. Trousers compliant with the standard specifying the level of ergonomics, size markings and harmlessness &#8211; EN ISO 340. Characteristic fabric: 97% cotton, 3% spandex\u00a0; weight: 270 g\/m\u00b2\u00a0; made in accordance with\u00a0\u00a0EN ISO 340\u00a0; [&#8230;]\n","protected":false},"featured_media":1850,"comment_status":"open","ping_status":"closed","template":"","meta":[],"product_brand":[],"product_cat":[74,100],"product_tag":[],"class_list":{"0":"post-1847","1":"product","2":"type-product","3":"status-publish","4":"has-post-thumbnail","6":"product_cat-spodnie-robocze-bhp","7":"product_cat-trousers-trousers","9":"first","10":"instock","11":"taxable","12":"shipping-taxable","13":"purchasable","14":"product-type-variable"},"_links":{"self":[{"href":"https:\/\/energroupbhp.com\/pl\/wp-json\/wp\/v2\/product\/1847","targetHints":{"allow":["GET"]}}],"collection":[{"href":"https:\/\/energroupbhp.com\/pl\/wp-json\/wp\/v2\/product"}],"about":[{"href":"https:\/\/energroupbhp.com\/pl\/wp-json\/wp\/v2\/types\/product"}],"replies":[{"embeddable":true,"href":"https:\/\/energroupbhp.com\/pl\/wp-json\/wp\/v2\/comments?post=1847"}],"wp:featuredmedia":[{"embeddable":true,"href":"https:\/\/energroupbhp.com\/pl\/wp-json\/wp\/v2\/media\/1850"}],"wp:attachment":[{"href":"https:\/\/energroupbhp.com\/pl\/wp-json\/wp\/v2\/media?parent=1847"}],"wp:term":[{"taxonomy":"product_brand","embeddable":true,"href":"https:\/\/energroupbhp.com\/pl\/wp-json\/wp\/v2\/product_brand?post=1847"},{"taxonomy":"product_cat","embeddable":true,"href":"https:\/\/energroupbhp.com\/pl\/wp-json\/wp\/v2\/product_cat?post=1847"},{"taxonomy":"product_tag","embeddable":true,"href":"https:\/\/energroupbhp.com\/pl\/wp-json\/wp\/v2\/product_tag?post=1847"}],"curies":[{"name":"wp","href":"https:\/\/api.w.org\/{rel}","templated":true}]}}