{"id":1916,"date":"2025-06-23T21:30:11","date_gmt":"2025-06-23T21:30:11","guid":{"rendered":"http:\/\/energroupbhp.com\/?post_type=product&#038;p=1916"},"modified":"2025-06-23T21:30:11","modified_gmt":"2025-06-23T21:30:11","slug":"kapelusz-hogert-otto-led-czarny","status":"publish","type":"product","link":"https:\/\/energroupbhp.com\/pl\/produkt\/hogert-otto-led-hat-black\/","title":{"rendered":"Czapka HOGERT OTTO LED czarna"},"content":{"rendered":"<div id=\"opis-produktu\" class=\"wpb_row vc_row-fluid vc_row inner_row  vc_custom_1626868672803 right_padding_89px left_padding_89px top_padding_tablet_34px bottom_padding_tablet_0px right_padding_tablet_34px left_padding_tablet_34px\" data-midnight=\"\" data-column-margin=\"default\">\n<div class=\"row_col_wrap_12_inner col span_12  left\">\n<div class=\"vc_col-sm-8 wpb_column column_container vc_column_container col child_column no-extra-padding inherit_tablet inherit_phone\" data-padding-pos=\"all\" data-has-bg-color=\"false\" data-bg-color=\"\" data-bg-opacity=\"1\" data-animation=\"\" data-delay=\"0\">\n<div class=\"vc_column-inner\">\n<div class=\"wpb_wrapper\">\n<div class=\"wpb_text_column wpb_content_element\">\n<div class=\"wpb_wrapper\">\n<p><span>Wysokiej jako\u015bci czapka zimowa OTTO jest wyposa\u017cona w latark\u0119 czo\u0142ow\u0105 o mocy\u00a0<\/span><strong><span>180 lumen\u00f3w<\/span><\/strong><span> , z mo\u017cliwo\u015bci\u0105 regulacji nat\u0119\u017cenia \u015bwiat\u0142a w trzech poziomach. Lampa mo\u017ce by\u0107 \u0142adowana przez gniazdo USB (latark\u0119 mo\u017cna \u0142atwo zdj\u0105\u0107 z czapki i \u0142adowa\u0107 przez port USB, np. w komputerze). Idealna do pracy zim\u0105, szczeg\u00f3lnie w miejscach s\u0142abo o\u015bwietlonych lub w nocy.<\/span><\/p>\n<\/div>\n<\/div>\n<\/div>\n<\/div>\n<\/div>\n<\/div>\n<\/div>\n<div id=\"charakterystyka\" class=\"wpb_row vc_row-fluid vc_row inner_row  vc_custom_1626868683321 right_padding_89px left_padding_89px bottom_padding_tablet_0px right_padding_tablet_34px left_padding_tablet_34px\" data-midnight=\"\" data-column-margin=\"default\">\n<div class=\"row_col_wrap_12_inner col span_12  left\">\n<div class=\"vc_col-sm-8 wpb_column column_container vc_column_container col child_column no-extra-padding inherit_tablet inherit_phone\" data-padding-pos=\"all\" data-has-bg-color=\"false\" data-bg-color=\"\" data-bg-opacity=\"1\" data-animation=\"\" data-delay=\"0\">\n<div class=\"vc_column-inner\">\n<div class=\"wpb_wrapper\">\n<div class=\"wpb_text_column wpb_content_element\">\n<div class=\"wpb_wrapper\">\n<h3><span>Charakterystyka<\/span><\/h3>\n<\/div>\n<\/div>\n<div class=\"nectar-fancy-ul animated-in\" data-list-icon=\"fa fa-check-circle\" data-animation=\"true\" data-animation-delay=\"0\" data-color=\"extra-color-1\" data-spacing=\"default\" data-alignment=\"left\">\n<ul>\n<li><i class=\"icon-default-style fa fa-check-circle extra-color-1\"><\/i><span>materia\u0142:\u00a0<\/span><strong><span>100% akryl<\/span><\/strong><span>\u00a0, wska\u017anik 9;<\/span><\/li>\n<li><i class=\"icon-default-style fa fa-check-circle extra-color-1\"><\/i><span>strumie\u0144 \u015bwietlny:\u00a0<\/span><strong><span>180 lm<\/span><\/strong><span>\u00a0;<\/span><\/li>\n<li><i class=\"icon-default-style fa fa-check-circle extra-color-1\"><\/i><span>czas pracy lampy:\u00a0<\/span><strong><span>2<\/span><\/strong><span>\u00a0do\u00a0<\/span><strong><span>4<\/span><\/strong><span>\u00a0godzin;<\/span><\/li>\n<li><i class=\"icon-default-style fa fa-check-circle extra-color-1\"><\/i><span>odleg\u0142o\u015b\u0107 promienia:\u00a0<\/span><strong><span>5-10 m<\/span><\/strong><span>\u00a0;<\/span><\/li>\n<li><i class=\"icon-default-style fa fa-check-circle extra-color-1\"><\/i><span>3-stopniowa regulacja nat\u0119\u017cenia \u015bwiat\u0142a;<\/span><\/li>\n<li><i class=\"icon-default-style fa fa-check-circle extra-color-1\"><\/i><span>\u0142adowanie przez\u00a0<\/span><strong><span>Port USB<\/span><\/strong><span>\u00a0;<\/span><\/li>\n<li><i class=\"icon-default-style fa fa-check-circle extra-color-1\"><\/i><span>zgodno\u015b\u0107 z normami:\u00a0<\/span><strong><span>CE<\/span><\/strong><span>\u00a0,\u00a0<\/span><strong><span>RoHS<\/span><\/strong><span>\u00a0.<\/span><\/li>\n<\/ul>\n<\/div>\n<\/div>\n<\/div>\n<\/div>\n<\/div>\n<\/div>","protected":false},"excerpt":{"rendered":"<p>The high-quality OTTO winter hat is equipped with a headlamp with a power of\u00a0180 lumens , with the possibility of adjusting the light intensity in three levels. The lamp can be charged via a USB socket (the flashlight can be easily removed from the hat and charged via a USB port, e.g. in a computer). [&#8230;]\n","protected":false},"featured_media":1919,"comment_status":"open","ping_status":"closed","template":"","meta":[],"product_brand":[],"product_cat":[75],"product_tag":[],"class_list":{"0":"post-1916","1":"product","2":"type-product","3":"status-publish","4":"has-post-thumbnail","6":"product_cat-akcesoria-odziez-robocza-bhp","8":"first","9":"instock","10":"taxable","11":"shipping-taxable","12":"purchasable","13":"product-type-simple"},"_links":{"self":[{"href":"https:\/\/energroupbhp.com\/pl\/wp-json\/wp\/v2\/product\/1916","targetHints":{"allow":["GET"]}}],"collection":[{"href":"https:\/\/energroupbhp.com\/pl\/wp-json\/wp\/v2\/product"}],"about":[{"href":"https:\/\/energroupbhp.com\/pl\/wp-json\/wp\/v2\/types\/product"}],"replies":[{"embeddable":true,"href":"https:\/\/energroupbhp.com\/pl\/wp-json\/wp\/v2\/comments?post=1916"}],"wp:featuredmedia":[{"embeddable":true,"href":"https:\/\/energroupbhp.com\/pl\/wp-json\/wp\/v2\/media\/1919"}],"wp:attachment":[{"href":"https:\/\/energroupbhp.com\/pl\/wp-json\/wp\/v2\/media?parent=1916"}],"wp:term":[{"taxonomy":"product_brand","embeddable":true,"href":"https:\/\/energroupbhp.com\/pl\/wp-json\/wp\/v2\/product_brand?post=1916"},{"taxonomy":"product_cat","embeddable":true,"href":"https:\/\/energroupbhp.com\/pl\/wp-json\/wp\/v2\/product_cat?post=1916"},{"taxonomy":"product_tag","embeddable":true,"href":"https:\/\/energroupbhp.com\/pl\/wp-json\/wp\/v2\/product_tag?post=1916"}],"curies":[{"name":"wp","href":"https:\/\/api.w.org\/{rel}","templated":true}]}}