{"id":2349,"date":"2025-06-25T17:54:58","date_gmt":"2025-06-25T17:54:58","guid":{"rendered":"http:\/\/energroupbhp.com\/?post_type=product&#038;p=2349"},"modified":"2026-04-03T09:17:38","modified_gmt":"2026-04-03T07:17:38","slug":"ogrodniczki-ochronne-hogert-ruwer-ciemnozielone","status":"publish","type":"product","link":"https:\/\/energroupbhp.com\/pl\/produkt\/hogert-ruwer-protective-dungarees-dark-green\/","title":{"rendered":"Spodnie ogrodniczki ochronne HOGERT RUWER ciemnozielone"},"content":{"rendered":"<div id=\"opis-produktu\" class=\"wpb_row vc_row-fluid vc_row inner_row  vc_custom_1626868672803 right_padding_89px left_padding_89px top_padding_tablet_34px bottom_padding_tablet_0px right_padding_tablet_34px left_padding_tablet_34px\" data-midnight=\"\" data-column-margin=\"default\">\n<div class=\"row_col_wrap_12_inner col span_12  left\">\n<div class=\"vc_col-sm-8 wpb_column column_container vc_column_container col child_column no-extra-padding inherit_tablet inherit_phone\" data-padding-pos=\"all\" data-has-bg-color=\"false\" data-bg-color=\"\" data-bg-opacity=\"1\" data-animation=\"\" data-delay=\"0\">\n<div class=\"vc_column-inner\">\n<div class=\"wpb_wrapper\">\n<div class=\"wpb_text_column wpb_content_element\">\n<div class=\"wpb_wrapper\">\n<p><span>Ochronne spodnie ogrodniczki. Staranne wykonanie i wysokiej jako\u015bci materia\u0142y zapewniaj\u0105 wysoki komfort u\u017cytkowania.<\/span><\/p>\n<\/div>\n<\/div>\n<\/div>\n<\/div>\n<\/div>\n<\/div>\n<\/div>\n<div id=\"charakterystyka\" class=\"wpb_row vc_row-fluid vc_row inner_row  vc_custom_1626868683321 right_padding_89px left_padding_89px bottom_padding_tablet_0px right_padding_tablet_34px left_padding_tablet_34px\" data-midnight=\"\" data-column-margin=\"default\">\n<div class=\"row_col_wrap_12_inner col span_12  left\">\n<div class=\"vc_col-sm-8 wpb_column column_container vc_column_container col child_column no-extra-padding inherit_tablet inherit_phone\" data-padding-pos=\"all\" data-has-bg-color=\"false\" data-bg-color=\"\" data-bg-opacity=\"1\" data-animation=\"\" data-delay=\"0\">\n<div class=\"vc_column-inner\">\n<div class=\"wpb_wrapper\">\n<div class=\"wpb_text_column wpb_content_element\">\n<div class=\"wpb_wrapper\">\n<h3><span>Charakterystyka<\/span><\/h3>\n<\/div>\n<\/div>\n<div class=\"nectar-fancy-ul animated-in\" data-list-icon=\"fa fa-check-circle\" data-animation=\"true\" data-animation-delay=\"0\" data-color=\"extra-color-1\" data-spacing=\"default\" data-alignment=\"left\">\n<ul>\n<li><i class=\"icon-default-style fa fa-check-circle extra-color-1\"><\/i><span>spodnie ochronne z szelkami, gramatura materia\u0142u 250 g\/m\u00b2<\/span><\/li>\n<li><i class=\"icon-default-style fa fa-check-circle extra-color-1\"><\/i><span>Wzmocnienia z tkaniny 300D Oxford<\/span><\/li>\n<li><i class=\"icon-default-style fa fa-check-circle extra-color-1\"><\/i><span>potr\u00f3jne szwy zapewniaj\u0105 wysok\u0105 trwa\u0142o\u015b\u0107 spodni<\/span><\/li>\n<li><i class=\"icon-default-style fa fa-check-circle extra-color-1\"><\/i><span>Materia\u0142: 60% bawe\u0142na, 40% poliester<\/span><\/li>\n<li><i class=\"icon-default-style fa fa-check-circle extra-color-1\"><\/i><span>Kieszenie na nakolanniki z zapi\u0119ciem na rzep<\/span><\/li>\n<li><i class=\"icon-default-style fa fa-check-circle extra-color-1\"><\/i><span>wyposa\u017cony w 8 praktycznych kieszeni:<\/span><br \/>\n<span>- 1 kiesze\u0144 na piersi z klapk\u0105, zapinana na zatrzask<\/span><br \/>\n<span>- 2 g\u0142\u0119bokie g\u00f3rne kieszenie<\/span><br \/>\n<span>- 2 kieszenie boczne (1 kiesze\u0144 cargo, 1 kiesze\u0144 na linijk\u0119)<\/span><br \/>\n<span>- 1 kiesze\u0144 na telefon<\/span><br \/>\n<span>- 2 wzmocnione tylne kieszenie<\/span><br \/>\n<span>- 1 zapinany na rzep<\/span><\/li>\n<li><i class=\"icon-default-style fa fa-check-circle extra-color-1\"><\/i><span>zielony kolor z ciemnoszarymi elementami - materia\u0142 zachowuje intensywno\u015b\u0107 koloru pomimo wielokrotnego prania<\/span><\/li>\n<li><i class=\"icon-default-style fa fa-check-circle extra-color-1\"><\/i><span>elastyczne paski o regulowanej d\u0142ugo\u015bci<\/span><\/li>\n<li><i class=\"icon-default-style fa fa-check-circle extra-color-1\"><\/i><span>elementy odblaskowe - prz\u00f3d i ty\u0142 spodni<\/span><\/li>\n<li><i class=\"icon-default-style fa fa-check-circle extra-color-1\"><\/i><span>Regulacja przycisku bocznego<\/span><\/li>\n<li><i class=\"icon-default-style fa fa-check-circle extra-color-1\"><\/i><span>regulacja z ty\u0142u spodni za pomoc\u0105 gumki<\/span><\/li>\n<li><i class=\"icon-default-style fa fa-check-circle extra-color-1\"><\/i><span>Mo\u017cliwo\u015b\u0107 wyd\u0142u\u017cenia n\u00f3g<\/span><\/li>\n<li><i class=\"icon-default-style fa fa-check-circle extra-color-1\"><\/i><span>zastosowanie w ogrodnictwie, rolnictwie, rybo\u0142\u00f3wstwie, budownictwie, geodezji itp.<\/span><\/li>\n<\/ul>\n<\/div>\n<\/div>\n<\/div>\n<\/div>\n<\/div>\n<\/div>","protected":false},"excerpt":{"rendered":"<p>Protective dungarees. Careful workmanship and high-quality materials ensure high comfort of use. Characteristic protective trousers with suspenders, material weight 250 g\/m\u00b2 300D Oxford fabric reinforcements triple seams ensure high durability of the trousers material: 60% cotton, 40% polyester knee pad pockets with velcro fastening equipped with 8 practical pockets: \u2013 1 chest pocket with flap, [&#8230;]\n","protected":false},"featured_media":2351,"comment_status":"open","ping_status":"closed","template":"","meta":[],"product_brand":[],"product_cat":[78],"product_tag":[],"class_list":{"0":"post-2349","1":"product","2":"type-product","3":"status-publish","4":"has-post-thumbnail","6":"product_cat-ogrodniczki-ochronne-bhp","8":"first","9":"outofstock","10":"taxable","11":"shipping-taxable","12":"purchasable","13":"product-type-variable"},"_links":{"self":[{"href":"https:\/\/energroupbhp.com\/pl\/wp-json\/wp\/v2\/product\/2349","targetHints":{"allow":["GET"]}}],"collection":[{"href":"https:\/\/energroupbhp.com\/pl\/wp-json\/wp\/v2\/product"}],"about":[{"href":"https:\/\/energroupbhp.com\/pl\/wp-json\/wp\/v2\/types\/product"}],"replies":[{"embeddable":true,"href":"https:\/\/energroupbhp.com\/pl\/wp-json\/wp\/v2\/comments?post=2349"}],"wp:featuredmedia":[{"embeddable":true,"href":"https:\/\/energroupbhp.com\/pl\/wp-json\/wp\/v2\/media\/2351"}],"wp:attachment":[{"href":"https:\/\/energroupbhp.com\/pl\/wp-json\/wp\/v2\/media?parent=2349"}],"wp:term":[{"taxonomy":"product_brand","embeddable":true,"href":"https:\/\/energroupbhp.com\/pl\/wp-json\/wp\/v2\/product_brand?post=2349"},{"taxonomy":"product_cat","embeddable":true,"href":"https:\/\/energroupbhp.com\/pl\/wp-json\/wp\/v2\/product_cat?post=2349"},{"taxonomy":"product_tag","embeddable":true,"href":"https:\/\/energroupbhp.com\/pl\/wp-json\/wp\/v2\/product_tag?post=2349"}],"curies":[{"name":"wp","href":"https:\/\/api.w.org\/{rel}","templated":true}]}}