{"id":2375,"date":"2025-06-25T18:07:51","date_gmt":"2025-06-25T18:07:51","guid":{"rendered":"http:\/\/energroupbhp.com\/?post_type=product&#038;p=2375"},"modified":"2026-04-03T09:15:13","modified_gmt":"2026-04-03T07:15:13","slug":"hogert-kalmit-protective-dungarees-light-gray","status":"publish","type":"product","link":"https:\/\/energroupbhp.com\/pl\/produkt\/hogert-kalmit-protective-dungarees-light-gray\/","title":{"rendered":"Spodnie ogrodniczki ochronne HOGERT KALMIT jasnoszare"},"content":{"rendered":"<div id=\"opis-produktu\" class=\"wpb_row vc_row-fluid vc_row inner_row vc_custom_1626868672803 right_padding_89px left_padding_89px top_padding_tablet_34px bottom_padding_tablet_0px right_padding_tablet_34px left_padding_tablet_34px\" data-midnight=\"\" data-column-margin=\"default\">\n<div class=\"row_col_wrap_12_inner col span_12 left\">\n<div class=\"vc_col-sm-8 wpb_column column_container vc_column_container col child_column no-extra-padding inherit_tablet inherit_phone\" data-padding-pos=\"all\" data-has-bg-color=\"false\" data-bg-color=\"\" data-bg-opacity=\"1\" data-animation=\"\" data-delay=\"0\">\n<div class=\"vc_column-inner\">\n<div class=\"wpb_wrapper\">\n<div class=\"wpb_text_column wpb_content_element\">\n<div class=\"wpb_wrapper\">\n<p>Carefully made men&#8217;s protective dungarees. High-quality materials and strong weave ensure durability and high comfort of use. 100% cotton fabric protects against excessive sweating and discomfort, does not discolour or pill. In addition, the technical cut does not restrict movement. The reflective details used allow for increased safety at work after dark. The dungarees are available in a fashionable light grey colour with blue accents and a wide range of sizes (from S to 3XL). Ideal for production and construction workers. Also recommended for fitters, servicemen and technicians.<\/p>\n<\/div>\n<\/div>\n<\/div>\n<\/div>\n<\/div>\n<\/div>\n<\/div>\n<div id=\"charakterystyka\" class=\"wpb_row vc_row-fluid vc_row inner_row vc_custom_1626868683321 right_padding_89px left_padding_89px bottom_padding_tablet_0px right_padding_tablet_34px left_padding_tablet_34px\" data-midnight=\"\" data-column-margin=\"default\">\n<div class=\"row_col_wrap_12_inner col span_12 left\">\n<div class=\"vc_col-sm-8 wpb_column column_container vc_column_container col child_column no-extra-padding inherit_tablet inherit_phone\" data-padding-pos=\"all\" data-has-bg-color=\"false\" data-bg-color=\"\" data-bg-opacity=\"1\" data-animation=\"\" data-delay=\"0\">\n<div class=\"vc_column-inner\">\n<div class=\"wpb_wrapper\">\n<div class=\"wpb_text_column wpb_content_element\">\n<div class=\"wpb_wrapper\">\n<h3>Charakterystyka<\/h3>\n<\/div>\n<\/div>\n<div class=\"nectar-fancy-ul animated-in\" data-list-icon=\"fa fa-check-circle\" data-animation=\"true\" data-animation-delay=\"0\" data-color=\"extra-color-1\" data-spacing=\"default\" data-alignment=\"left\">\n<ul>\n<li><i class=\"icon-default-style fa fa-check-circle extra-color-1\"><\/i>materia\u0142:\u00a0<strong>100% cotton<\/strong>\u00a0;<\/li>\n<li><i class=\"icon-default-style fa fa-check-circle extra-color-1\"><\/i>waga:\u00a0<strong>240 g\/m\u00b2<\/strong>\u00a0;<\/li>\n<li><i class=\"icon-default-style fa fa-check-circle extra-color-1\"><\/i>wykonane zgodnie z\u00a0\u00a0<strong>EN ISO 13688<\/strong>\u00a0;<\/li>\n<li><i class=\"icon-default-style fa fa-check-circle extra-color-1\"><\/i>reinforcements: on knees made of\u00a0<strong>OXFORD 300D<\/strong>\u00a0material ;<\/li>\n<li><i class=\"icon-default-style fa fa-check-circle extra-color-1\"><\/i>kieszenie:<br \/>\n\u2013 1 back pocket with Velcro closure,<br \/>\n\u2013 1 chest pocket with flap,<br \/>\n\u2013 2 pen holes,<br \/>\n\u2013 1 phone pocket with Velcro closure,<br \/>\n\u2013 1 ruler pocket;<\/li>\n<li><i class=\"icon-default-style fa fa-check-circle extra-color-1\"><\/i>mo\u017cliwo\u015b\u0107 wyd\u0142u\u017cenia n\u00f3g;<\/li>\n<li><i class=\"icon-default-style fa fa-check-circle extra-color-1\"><\/i>triple stitching;<\/li>\n<li><i class=\"icon-default-style fa fa-check-circle extra-color-1\"><\/i>internal crotch panel for improved freedom of movement;<\/li>\n<li><i class=\"icon-default-style fa fa-check-circle extra-color-1\"><\/i>kieszenie na nakolanniki wk\u0142adane od g\u00f3ry, zapinane na rzep;<\/li>\n<li><i class=\"icon-default-style fa fa-check-circle extra-color-1\"><\/i>regulowane paski z elastyczn\u0105 wstawk\u0105;<\/li>\n<li><i class=\"icon-default-style fa fa-check-circle extra-color-1\"><\/i>back waist adjustment with rubber and buttons on the side of the trousers;<\/li>\n<li><i class=\"icon-default-style fa fa-check-circle extra-color-1\"><\/i>szlufki na pasek;<\/li>\n<li><i class=\"icon-default-style fa fa-check-circle extra-color-1\"><\/i>D-ring for attaching keys, ID badge;<\/li>\n<li><i class=\"icon-default-style fa fa-check-circle extra-color-1\"><\/i>reflective elements \u2013 front and back of trousers;<\/li>\n<li><i class=\"icon-default-style fa fa-check-circle extra-color-1\"><\/i>fashionable light gray color with blue accents.<\/li>\n<\/ul>\n<\/div>\n<\/div>\n<\/div>\n<\/div>\n<\/div>\n<\/div>","protected":false},"excerpt":{"rendered":"<p>Carefully made men&#8217;s protective dungarees. High-quality materials and strong weave ensure durability and high comfort of use. 100% cotton fabric protects against excessive sweating and discomfort, does not discolour or pill. In addition, the technical cut does not restrict movement. The reflective details used allow for increased safety at work after dark. The dungarees are [&#8230;]\n","protected":false},"featured_media":2377,"comment_status":"open","ping_status":"closed","template":"","meta":[],"product_brand":[],"product_cat":[78],"product_tag":[],"class_list":{"0":"post-2375","1":"product","2":"type-product","3":"status-publish","4":"has-post-thumbnail","6":"product_cat-ogrodniczki-ochronne-bhp","8":"first","9":"instock","10":"taxable","11":"shipping-taxable","12":"purchasable","13":"product-type-variable"},"_links":{"self":[{"href":"https:\/\/energroupbhp.com\/pl\/wp-json\/wp\/v2\/product\/2375","targetHints":{"allow":["GET"]}}],"collection":[{"href":"https:\/\/energroupbhp.com\/pl\/wp-json\/wp\/v2\/product"}],"about":[{"href":"https:\/\/energroupbhp.com\/pl\/wp-json\/wp\/v2\/types\/product"}],"replies":[{"embeddable":true,"href":"https:\/\/energroupbhp.com\/pl\/wp-json\/wp\/v2\/comments?post=2375"}],"wp:featuredmedia":[{"embeddable":true,"href":"https:\/\/energroupbhp.com\/pl\/wp-json\/wp\/v2\/media\/2377"}],"wp:attachment":[{"href":"https:\/\/energroupbhp.com\/pl\/wp-json\/wp\/v2\/media?parent=2375"}],"wp:term":[{"taxonomy":"product_brand","embeddable":true,"href":"https:\/\/energroupbhp.com\/pl\/wp-json\/wp\/v2\/product_brand?post=2375"},{"taxonomy":"product_cat","embeddable":true,"href":"https:\/\/energroupbhp.com\/pl\/wp-json\/wp\/v2\/product_cat?post=2375"},{"taxonomy":"product_tag","embeddable":true,"href":"https:\/\/energroupbhp.com\/pl\/wp-json\/wp\/v2\/product_tag?post=2375"}],"curies":[{"name":"wp","href":"https:\/\/api.w.org\/{rel}","templated":true}]}}