{"id":2384,"date":"2025-06-25T18:12:04","date_gmt":"2025-06-25T18:12:04","guid":{"rendered":"http:\/\/energroupbhp.com\/?post_type=product&#038;p=2384"},"modified":"2026-04-03T09:14:47","modified_gmt":"2026-04-03T07:14:47","slug":"ogrodniczki-ochronne-hogert-lemberg","status":"publish","type":"product","link":"https:\/\/energroupbhp.com\/pl\/produkt\/hogert-lemberg-protective-dungarees\/","title":{"rendered":"Spodnie ogrodniczki ochronne HOGERT LEMBERG"},"content":{"rendered":"<div id=\"opis-produktu\" class=\"wpb_row vc_row-fluid vc_row inner_row  vc_custom_1626868672803 right_padding_89px left_padding_89px top_padding_tablet_34px bottom_padding_tablet_0px right_padding_tablet_34px left_padding_tablet_34px\" data-midnight=\"\" data-column-margin=\"default\">\n<div class=\"row_col_wrap_12_inner col span_12  left\">\n<div class=\"vc_col-sm-8 wpb_column column_container vc_column_container col child_column no-extra-padding inherit_tablet inherit_phone\" data-padding-pos=\"all\" data-has-bg-color=\"false\" data-bg-color=\"\" data-bg-opacity=\"1\" data-animation=\"\" data-delay=\"0\">\n<div class=\"vc_column-inner\">\n<div class=\"wpb_wrapper\">\n<div class=\"wpb_text_column wpb_content_element\">\n<div class=\"wpb_wrapper\">\n<p><strong><span>M\u0119skie ogrodniczki ochronne EDGAR II<\/span><\/strong><span> to model przeznaczony dla pracownik\u00f3w budowlanych, monter\u00f3w, technik\u00f3w i serwisant\u00f3w. Techniczny kr\u00f3j i wewn\u0119trzny panel w kroku zapewniaj\u0105 swobod\u0119 ruch\u00f3w, a odblaskowe detale zwi\u0119kszaj\u0105 widoczno\u015b\u0107 po zmroku. Spodnie ogrodniczki sprawdz\u0105 si\u0119 w \u015brodowiskach wymagaj\u0105cych trwa\u0142o\u015bci i funkcjonalno\u015bci, takich jak place budowy, warsztaty i zak\u0142ady przemys\u0142owe.<\/span><\/p>\n<\/div>\n<\/div>\n<\/div>\n<\/div>\n<\/div>\n<\/div>\n<\/div>\n<div id=\"charakterystyka\" class=\"wpb_row vc_row-fluid vc_row inner_row  vc_custom_1626868683321 right_padding_89px left_padding_89px bottom_padding_tablet_0px right_padding_tablet_34px left_padding_tablet_34px\" data-midnight=\"\" data-column-margin=\"default\">\n<div class=\"row_col_wrap_12_inner col span_12  left\">\n<div class=\"vc_col-sm-8 wpb_column column_container vc_column_container col child_column no-extra-padding inherit_tablet inherit_phone\" data-padding-pos=\"all\" data-has-bg-color=\"false\" data-bg-color=\"\" data-bg-opacity=\"1\" data-animation=\"\" data-delay=\"0\">\n<div class=\"vc_column-inner\">\n<div class=\"wpb_wrapper\">\n<div class=\"wpb_text_column wpb_content_element\">\n<div class=\"wpb_wrapper\">\n<h3><span>Charakterystyka<\/span><\/h3>\n<\/div>\n<\/div>\n<div class=\"nectar-fancy-ul animated-in\" data-list-icon=\"fa fa-check-circle\" data-animation=\"true\" data-animation-delay=\"0\" data-color=\"extra-color-1\" data-spacing=\"default\" data-alignment=\"left\">\n<ul>\n<li><i class=\"icon-default-style fa fa-check-circle extra-color-1\"><\/i><span>materia\u0142:\u00a0\u00a0<\/span><strong><span>65% poliester, 35% bawe\u0142na<\/span><\/strong><span>\u00a0;<\/span><\/li>\n<li><i class=\"icon-default-style fa fa-check-circle extra-color-1\"><\/i><span>waga\u00a0<\/span><strong><span>270 g\/m\u00b2<\/span><\/strong><span>\u00a0;<\/span><\/li>\n<li><i class=\"icon-default-style fa fa-check-circle extra-color-1\"><\/i><span>zgodno\u015b\u0107 z norm\u0105:\u00a0<\/span><strong><span>EN ISO 13688<\/span><\/strong><span>\u00a0;<\/span><\/li>\n<li><i class=\"icon-default-style fa fa-check-circle extra-color-1\"><\/i><span>wzmocnienia:\u00a0<\/span><strong><span>OXFORD 300D<\/span><\/strong><span>\u00a0na kolanach i z ty\u0142u spodni, potr\u00f3jne szwy;<\/span><\/li>\n<li><i class=\"icon-default-style fa fa-check-circle extra-color-1\"><\/i><span>kieszenie:<\/span><br \/>\n<span>- Tylna kiesze\u0144 z klapk\u0105,<\/span><br \/>\n<span>- Kiesze\u0144 na piersi z klapk\u0105 i otworem na d\u0142ugopis,<\/span><br \/>\n<span>- kiesze\u0144 boczna,<\/span><br \/>\n<span>- Boczna kiesze\u0144 z klapk\u0105 i zapi\u0119ciem na rzep,<\/span><br \/>\n<span>- boczna kiesze\u0144 na telefon z klapk\u0105,<\/span><br \/>\n<span>- kiesze\u0144 z zamkiem b\u0142yskawicznym,<\/span><br \/>\n<span>- kiesze\u0144 na linijk\u0119;<\/span><\/li>\n<li><i class=\"icon-default-style fa fa-check-circle extra-color-1\"><\/i><span>kieszenie na nakolanniki wk\u0142adane od g\u00f3ry, zapinane na rzep;<\/span><\/li>\n<li><i class=\"icon-default-style fa fa-check-circle extra-color-1\"><\/i><span>mo\u017cliwo\u015b\u0107 wyd\u0142u\u017cenia n\u00f3g;<\/span><\/li>\n<li><i class=\"icon-default-style fa fa-check-circle extra-color-1\"><\/i><span>regulowane paski z elastyczn\u0105 wstawk\u0105;<\/span><\/li>\n<li><i class=\"icon-default-style fa fa-check-circle extra-color-1\"><\/i><span>Regulacja w pasie za pomoc\u0105 gumy i guzik\u00f3w po bokach;<\/span><\/li>\n<li><i class=\"icon-default-style fa fa-check-circle extra-color-1\"><\/i><span>szlufki na pasek;<\/span><\/li>\n<li><i class=\"icon-default-style fa fa-check-circle extra-color-1\"><\/i><span>D-ring do mocowania kluczy lub identyfikatora;<\/span><\/li>\n<li><i class=\"icon-default-style fa fa-check-circle extra-color-1\"><\/i><span>Elementy odblaskowe zwi\u0119kszaj\u0105 widoczno\u015b\u0107.<\/span><\/li>\n<\/ul>\n<\/div>\n<\/div>\n<\/div>\n<\/div>\n<\/div>\n<\/div>","protected":false},"excerpt":{"rendered":"<p>The EDGAR II men&#8217;s protective dungarees are a model designed for construction workers, fitters, technicians and servicemen. The technical cut and internal panel in the crotch provide freedom of movement, and reflective details increase visibility after dark. The dungarees will prove useful in environments that require durability and functionality, such as construction sites, workshops and [&#8230;]\n","protected":false},"featured_media":2386,"comment_status":"open","ping_status":"closed","template":"","meta":[],"product_brand":[],"product_cat":[78],"product_tag":[],"class_list":{"0":"post-2384","1":"product","2":"type-product","3":"status-publish","4":"has-post-thumbnail","6":"product_cat-ogrodniczki-ochronne-bhp","8":"first","9":"outofstock","10":"taxable","11":"shipping-taxable","12":"purchasable","13":"product-type-variable"},"_links":{"self":[{"href":"https:\/\/energroupbhp.com\/pl\/wp-json\/wp\/v2\/product\/2384","targetHints":{"allow":["GET"]}}],"collection":[{"href":"https:\/\/energroupbhp.com\/pl\/wp-json\/wp\/v2\/product"}],"about":[{"href":"https:\/\/energroupbhp.com\/pl\/wp-json\/wp\/v2\/types\/product"}],"replies":[{"embeddable":true,"href":"https:\/\/energroupbhp.com\/pl\/wp-json\/wp\/v2\/comments?post=2384"}],"wp:featuredmedia":[{"embeddable":true,"href":"https:\/\/energroupbhp.com\/pl\/wp-json\/wp\/v2\/media\/2386"}],"wp:attachment":[{"href":"https:\/\/energroupbhp.com\/pl\/wp-json\/wp\/v2\/media?parent=2384"}],"wp:term":[{"taxonomy":"product_brand","embeddable":true,"href":"https:\/\/energroupbhp.com\/pl\/wp-json\/wp\/v2\/product_brand?post=2384"},{"taxonomy":"product_cat","embeddable":true,"href":"https:\/\/energroupbhp.com\/pl\/wp-json\/wp\/v2\/product_cat?post=2384"},{"taxonomy":"product_tag","embeddable":true,"href":"https:\/\/energroupbhp.com\/pl\/wp-json\/wp\/v2\/product_tag?post=2384"}],"curies":[{"name":"wp","href":"https:\/\/api.w.org\/{rel}","templated":true}]}}