{"id":2402,"date":"2025-06-25T18:18:26","date_gmt":"2025-06-25T18:18:26","guid":{"rendered":"http:\/\/energroupbhp.com\/?post_type=product&#038;p=2402"},"modified":"2026-04-03T09:13:29","modified_gmt":"2026-04-03T07:13:29","slug":"consorte-protective-dungrees","status":"publish","type":"product","link":"https:\/\/energroupbhp.com\/pl\/produkt\/consorte-protective-dungrees\/","title":{"rendered":"CONSORTE Protective Dungrees"},"content":{"rendered":"<p><b><span>Rodzaj odzie\u017cy:<\/span><\/b><span>\u00a0ogrodniczki ochronne<\/span><b>\u00a0<\/b><\/p>\n<p><b><span>Standard:<\/span><\/b><span>\u00a0\u00a0EN ISO 13688, EN 13402-1, EN 13402-2, EN 13402-3<\/span><\/p>\n<p><b><span>Materia\u0142:<\/span>\u00a0<\/b><span>\u00a080% poliester\/20% bawe\u0142na<\/span><\/p>\n<p><b><span>Waga:<\/span><\/b><span>\u00a0250 g\/m\u00b2<\/span><b>\u00a0<\/b><\/p>\n<p><b><span>Kieszenie na klapie:\u00a0<\/span><\/b><span>\u00a0naszywana, przykryta patk\u0105 zapinan\u0105 na rzep, na niej dodatkowo dwie naszyte kieszenie, prawa przykryta patk\u0105 zapinan\u0105 na rzep<\/span><\/p>\n<p><b><span>G\u00f3rne kieszenie:<\/span><\/b><span>\u00a0\u00a0dwa naszyte,\u00a0<\/span><span>\u00a0dodatkowo na obu naszyte dwie dzielone kieszenie na drobne narz\u0119dzia<\/span><\/p>\n<p><b><span>Dolne kieszenie:\u00a0<\/span><\/b><span>\u00a0na lewej nogawce boczna patka przykryta patk\u0105 zapinan\u0105 na rzep, a na niej naszyta dodatkowa kiesze\u0144<\/span><\/p>\n<p><b><span>Tylne kieszenie:\u00a0<\/span><\/b><span>\u00a0dwie naszywane kieszenie przykryte klap\u0105 zapinan\u0105 na rzep, poni\u017cej w\u0105ska podw\u00f3jna kiesze\u0144 na drobne narz\u0119dzia<\/span><\/p>\n<p><b><span>Szwy:<\/span><\/b><span>\u00a0\u00a0Podw\u00f3jne i pojedyncze z plecakami<\/span><\/p>\n<p><b><span>Zapi\u0119cie:\u00a0<\/span><\/b><span>\u00a0zapinane na guziki po bokach<\/span><\/p>\n<p><b><span>Lata\u0107:\u00a0<\/span><\/b><span>\u00a0spakowany<\/span><\/p>\n<p><b><span>Dodatkowe funkcje:<\/span><\/b><\/p>\n<p><span>- regulowane szelki z dodatkowo wszyt\u0105 gum\u0105<\/span><\/p>\n<p><span>- regulowana talia (gumka wszyta na ca\u0142ej d\u0142ugo\u015bci tylnej cz\u0119\u015bci talii)<\/span><\/p>\n<p><span>- podw\u00f3jne odblaskowe paski na nogawkach<\/span><\/p>","protected":false},"excerpt":{"rendered":"<p>Type of clothing:\u00a0protective dungarees\u00a0 Standard:\u00a0\u00a0EN ISO 13688, EN 13402-1, EN 13402-2, EN 13402-3 Material:\u00a0\u00a080% polyester\/20% cotton Weight:\u00a0250 g\/\u00a0m\u00b2\u00a0 Pockets on the flap:\u00a0\u00a0sewn-on, covered with a flap fastened with Velcro, additionally two sewn-on pockets on it, the right one covered with a flap fastened with Velcro Upper pockets:\u00a0\u00a0two sewn-on,\u00a0\u00a0additionally on both two sewn-on divided pockets for [&#8230;]\n","protected":false},"featured_media":2405,"comment_status":"open","ping_status":"closed","template":"","meta":[],"product_brand":[],"product_cat":[78],"product_tag":[],"class_list":{"0":"post-2402","1":"product","2":"type-product","3":"status-publish","4":"has-post-thumbnail","6":"product_cat-ogrodniczki-ochronne-bhp","8":"first","9":"instock","10":"taxable","11":"shipping-taxable","12":"purchasable","13":"product-type-variable"},"_links":{"self":[{"href":"https:\/\/energroupbhp.com\/pl\/wp-json\/wp\/v2\/product\/2402","targetHints":{"allow":["GET"]}}],"collection":[{"href":"https:\/\/energroupbhp.com\/pl\/wp-json\/wp\/v2\/product"}],"about":[{"href":"https:\/\/energroupbhp.com\/pl\/wp-json\/wp\/v2\/types\/product"}],"replies":[{"embeddable":true,"href":"https:\/\/energroupbhp.com\/pl\/wp-json\/wp\/v2\/comments?post=2402"}],"wp:featuredmedia":[{"embeddable":true,"href":"https:\/\/energroupbhp.com\/pl\/wp-json\/wp\/v2\/media\/2405"}],"wp:attachment":[{"href":"https:\/\/energroupbhp.com\/pl\/wp-json\/wp\/v2\/media?parent=2402"}],"wp:term":[{"taxonomy":"product_brand","embeddable":true,"href":"https:\/\/energroupbhp.com\/pl\/wp-json\/wp\/v2\/product_brand?post=2402"},{"taxonomy":"product_cat","embeddable":true,"href":"https:\/\/energroupbhp.com\/pl\/wp-json\/wp\/v2\/product_cat?post=2402"},{"taxonomy":"product_tag","embeddable":true,"href":"https:\/\/energroupbhp.com\/pl\/wp-json\/wp\/v2\/product_tag?post=2402"}],"curies":[{"name":"wp","href":"https:\/\/api.w.org\/{rel}","templated":true}]}}