{"id":2412,"date":"2025-06-25T18:23:28","date_gmt":"2025-06-25T18:23:28","guid":{"rendered":"http:\/\/energroupbhp.com\/?post_type=product&#038;p=2412"},"modified":"2025-09-08T22:02:38","modified_gmt":"2025-09-08T20:02:38","slug":"roly-jacket","status":"publish","type":"product","link":"https:\/\/energroupbhp.com\/pl\/produkt\/roly-jacket\/","title":{"rendered":"Bluza polarowa ROLY - ciep\u0142a kurtka robocza z wysokim ko\u0142nierzem i kieszeniami"},"content":{"rendered":"<p data-start=\"504\" data-end=\"757\"><strong data-start=\"504\" data-end=\"519\">Roly Jacket<\/strong> to funkcjonalna i wygodna <strong data-start=\"546\" data-end=\"572\">bluza polarowa robocza<\/strong>, kt\u00f3ra zapewnia komfort cieplny podczas pracy w ch\u0142odnych warunkach. Wysoki, podszyty ko\u0142nierz chroni przed wiatrem, a wzmocnione szwy gwarantuj\u0105 trwa\u0142o\u015b\u0107 i d\u0142ug\u0105 \u017cywotno\u015b\u0107 produktu.<\/p>\n<p data-start=\"759\" data-end=\"967\">Model wyposa\u017cony jest w <strong data-start=\"783\" data-end=\"828\">zamek b\u0142yskawiczny z dopasowanym uchwytem<\/strong>, co u\u0142atwia codzienne u\u017cytkowanie. Bluza posiada praktyczne <strong data-start=\"889\" data-end=\"909\">kieszenie boczne<\/strong>, kt\u00f3re umo\u017cliwiaj\u0105 przechowywanie drobnych przedmiot\u00f3w.<\/p>\n<p data-start=\"969\" data-end=\"1183\"><strong data-start=\"969\" data-end=\"1011\">Mankiety wyko\u0144czone elastyczn\u0105 lam\u00f3wk\u0105<\/strong> zapewniaj\u0105 lepsze dopasowanie, a <strong data-start=\"1045\" data-end=\"1103\">\u015bci\u0105gacz w dolnej cz\u0119\u015bci bluzy z regulacj\u0105 od wewn\u0105trz<\/strong> pozwala na idealne dopasowanie do sylwetki i dodatkow\u0105 ochron\u0119 przed ch\u0142odem.<\/p>\n<p data-start=\"1185\" data-end=\"1409\">Dzi\u0119ki polarowej tkaninie kurtka jest lekka, ciep\u0142a i wygodna, dlatego \u015bwietnie sprawdzi si\u0119 jako <strong data-start=\"1283\" data-end=\"1323\">odzie\u017c robocza zimowa m\u0119ska i damska<\/strong>, zar\u00f3wno w budownictwie, transporcie, jak i w pracach magazynowych czy serwisowych.<\/p>","protected":false},"excerpt":{"rendered":"<p data-start=\"308\" data-end=\"462\">Bluza polarowa robocza ROLY z wysokim ko\u0142nierzem, kieszeniami bocznymi i regulacj\u0105 do\u0142u. Lekka, wygodna i ocieplana \u2013 idealna odzie\u017c robocza zimowa BHP.<\/p>","protected":false},"featured_media":2415,"comment_status":"open","ping_status":"closed","template":"","meta":[],"product_brand":[],"product_cat":[61],"product_tag":[188,202,205,189,184,166,203,204],"class_list":{"0":"post-2412","1":"product","2":"type-product","3":"status-publish","4":"has-post-thumbnail","6":"product_cat-kurtki-robocze-bhp","7":"product_tag-bluza-polarowa-robocza","8":"product_tag-bluza-robocza-zimowa","9":"product_tag-bluza-roly-bhp","10":"product_tag-kurtka-polarowa-robocza","11":"product_tag-kurtki-robocze-ocieplane","12":"product_tag-odziez-ochronna-bhp","13":"product_tag-odziez-robocza-zimowa-meska","14":"product_tag-polar-roboczy-na-zime","16":"first","17":"instock","18":"taxable","19":"shipping-taxable","20":"purchasable","21":"product-type-variable"},"_links":{"self":[{"href":"https:\/\/energroupbhp.com\/pl\/wp-json\/wp\/v2\/product\/2412","targetHints":{"allow":["GET"]}}],"collection":[{"href":"https:\/\/energroupbhp.com\/pl\/wp-json\/wp\/v2\/product"}],"about":[{"href":"https:\/\/energroupbhp.com\/pl\/wp-json\/wp\/v2\/types\/product"}],"replies":[{"embeddable":true,"href":"https:\/\/energroupbhp.com\/pl\/wp-json\/wp\/v2\/comments?post=2412"}],"wp:featuredmedia":[{"embeddable":true,"href":"https:\/\/energroupbhp.com\/pl\/wp-json\/wp\/v2\/media\/2415"}],"wp:attachment":[{"href":"https:\/\/energroupbhp.com\/pl\/wp-json\/wp\/v2\/media?parent=2412"}],"wp:term":[{"taxonomy":"product_brand","embeddable":true,"href":"https:\/\/energroupbhp.com\/pl\/wp-json\/wp\/v2\/product_brand?post=2412"},{"taxonomy":"product_cat","embeddable":true,"href":"https:\/\/energroupbhp.com\/pl\/wp-json\/wp\/v2\/product_cat?post=2412"},{"taxonomy":"product_tag","embeddable":true,"href":"https:\/\/energroupbhp.com\/pl\/wp-json\/wp\/v2\/product_tag?post=2412"}],"curies":[{"name":"wp","href":"https:\/\/api.w.org\/{rel}","templated":true}]}}