{"id":2584,"date":"2025-06-25T20:47:09","date_gmt":"2025-06-25T20:47:09","guid":{"rendered":"http:\/\/energroupbhp.com\/?post_type=product&#038;p=2584"},"modified":"2025-06-25T20:47:09","modified_gmt":"2025-06-25T20:47:09","slug":"ogrodniczki-ochronne-hogert-edgar-ii-grafitowe","status":"publish","type":"product","link":"https:\/\/energroupbhp.com\/pl\/produkt\/hogert-edgar-ii-protective-dungarees-graphite\/","title":{"rendered":"Grafitowe ogrodniczki ochronne HOGERT EDGAR II"},"content":{"rendered":"<div id=\"opis-produktu\" class=\"wpb_row vc_row-fluid vc_row inner_row  vc_custom_1626868672803 right_padding_89px left_padding_89px top_padding_tablet_34px bottom_padding_tablet_0px right_padding_tablet_34px left_padding_tablet_34px\" data-midnight=\"\" data-column-margin=\"default\">\n<div class=\"row_col_wrap_12_inner col span_12  left\">\n<div class=\"vc_col-sm-8 wpb_column column_container vc_column_container col child_column no-extra-padding inherit_tablet inherit_phone\" data-padding-pos=\"all\" data-has-bg-color=\"false\" data-bg-color=\"\" data-bg-opacity=\"1\" data-animation=\"\" data-delay=\"0\">\n<div class=\"vc_column-inner\">\n<div class=\"wpb_wrapper\">\n<div class=\"wpb_text_column wpb_content_element\">\n<div class=\"wpb_wrapper\">\n<p><span>Praktyczne ogrodniczki ochronne przeznaczone dla pracownik\u00f3w fizycznych, technik\u00f3w i operator\u00f3w maszyn. Elastyczny materia\u0142 w po\u0142\u0105czeniu ze wzmocnieniami w newralgicznych miejscach zapewniaj\u0105 komfort ruch\u00f3w i trwa\u0142o\u015b\u0107 przy intensywnym u\u017cytkowaniu. Sprawdz\u0105 si\u0119 w \u015brodowiskach pracy o umiarkowanym ryzyku zawodowym, gdzie liczy si\u0119 mobilno\u015b\u0107 i funkcjonalno\u015b\u0107.<\/span><\/p>\n<\/div>\n<\/div>\n<\/div>\n<\/div>\n<\/div>\n<\/div>\n<\/div>\n<div id=\"charakterystyka\" class=\"wpb_row vc_row-fluid vc_row inner_row  vc_custom_1626868683321 right_padding_89px left_padding_89px bottom_padding_tablet_0px right_padding_tablet_34px left_padding_tablet_34px\" data-midnight=\"\" data-column-margin=\"default\">\n<div class=\"row_col_wrap_12_inner col span_12  left\">\n<div class=\"vc_col-sm-8 wpb_column column_container vc_column_container col child_column no-extra-padding inherit_tablet inherit_phone\" data-padding-pos=\"all\" data-has-bg-color=\"false\" data-bg-color=\"\" data-bg-opacity=\"1\" data-animation=\"\" data-delay=\"0\">\n<div class=\"vc_column-inner\">\n<div class=\"wpb_wrapper\">\n<div class=\"wpb_text_column wpb_content_element\">\n<div class=\"wpb_wrapper\">\n<h3><span>Charakterystyka<\/span><\/h3>\n<\/div>\n<\/div>\n<div class=\"nectar-fancy-ul animated-in\" data-list-icon=\"fa fa-check-circle\" data-animation=\"true\" data-animation-delay=\"0\" data-color=\"extra-color-1\" data-spacing=\"default\" data-alignment=\"left\">\n<ul>\n<li><i class=\"icon-default-style fa fa-check-circle extra-color-1\"><\/i><strong><span>Materia\u0142: 97% bawe\u0142na, 3% elastan<\/span><\/strong><span>\u00a0;<\/span><\/li>\n<li><i class=\"icon-default-style fa fa-check-circle extra-color-1\"><\/i><strong><span>waga: 270 g\/m\u00b2<\/span><\/strong><span>\u00a0;<\/span><\/li>\n<li><i class=\"icon-default-style fa fa-check-circle extra-color-1\"><\/i><span>wykonane zgodnie z\u00a0\u00a0<\/span><strong><span>EN ISO 13688<\/span><\/strong><span>\u00a0;<\/span><\/li>\n<li><i class=\"icon-default-style fa fa-check-circle extra-color-1\"><\/i><strong><span>wzmocnienia: OXFORD 600D na kolanach<\/span><\/strong><span>\u00a0;<\/span><\/li>\n<li><i class=\"icon-default-style fa fa-check-circle extra-color-1\"><\/i><span>kieszenie:<\/span><br \/>\n<span>- 2 kieszenie na piersi, w tym jedna z klapk\u0105 na rzep,<\/span><br \/>\n<span>- 2 g\u0142\u0119bokie kieszenie boczne,<\/span><br \/>\n<span>- 1 boczna kiesze\u0144 na nogawce,<\/span><br \/>\n<span>- 2 wzmocnione tylne kieszenie z klap\u0105 na rzep,<\/span><br \/>\n<span>- 2 kieszenie na nakolanniki z zapi\u0119ciem na rzep;<\/span><\/li>\n<li><i class=\"icon-default-style fa fa-check-circle extra-color-1\"><\/i><span>elastyczne paski o regulowanej d\u0142ugo\u015bci;<\/span><\/li>\n<li><i class=\"icon-default-style fa fa-check-circle extra-color-1\"><\/i><span>elementy odblaskowe z przodu i z ty\u0142u;<\/span><\/li>\n<li><i class=\"icon-default-style fa fa-check-circle extra-color-1\"><\/i><span>Regulacja z ty\u0142u talii za pomoc\u0105 gumki.<\/span><\/li>\n<\/ul>\n<\/div>\n<\/div>\n<\/div>\n<\/div>\n<\/div>\n<\/div>","protected":false},"excerpt":{"rendered":"<p>Practical protective dungarees designed for manual workers, technicians and machine operators. Elastic fabric combined with reinforcements in sensitive areas provide comfort of movement and durability in intensive use. They will prove useful in work environments with moderate occupational risk, where mobility and functionality count. Characteristic fabric: 97% cotton, 3% elastane\u00a0; weight: 270 g\/m\u00b2\u00a0; made in [&#8230;]\n","protected":false},"featured_media":2586,"comment_status":"open","ping_status":"closed","template":"","meta":[],"product_brand":[],"product_cat":[78],"product_tag":[],"class_list":{"0":"post-2584","1":"product","2":"type-product","3":"status-publish","4":"has-post-thumbnail","6":"product_cat-ogrodniczki-ochronne-bhp","8":"first","9":"instock","10":"taxable","11":"shipping-taxable","12":"purchasable","13":"product-type-variable"},"_links":{"self":[{"href":"https:\/\/energroupbhp.com\/pl\/wp-json\/wp\/v2\/product\/2584","targetHints":{"allow":["GET"]}}],"collection":[{"href":"https:\/\/energroupbhp.com\/pl\/wp-json\/wp\/v2\/product"}],"about":[{"href":"https:\/\/energroupbhp.com\/pl\/wp-json\/wp\/v2\/types\/product"}],"replies":[{"embeddable":true,"href":"https:\/\/energroupbhp.com\/pl\/wp-json\/wp\/v2\/comments?post=2584"}],"wp:featuredmedia":[{"embeddable":true,"href":"https:\/\/energroupbhp.com\/pl\/wp-json\/wp\/v2\/media\/2586"}],"wp:attachment":[{"href":"https:\/\/energroupbhp.com\/pl\/wp-json\/wp\/v2\/media?parent=2584"}],"wp:term":[{"taxonomy":"product_brand","embeddable":true,"href":"https:\/\/energroupbhp.com\/pl\/wp-json\/wp\/v2\/product_brand?post=2584"},{"taxonomy":"product_cat","embeddable":true,"href":"https:\/\/energroupbhp.com\/pl\/wp-json\/wp\/v2\/product_cat?post=2584"},{"taxonomy":"product_tag","embeddable":true,"href":"https:\/\/energroupbhp.com\/pl\/wp-json\/wp\/v2\/product_tag?post=2584"}],"curies":[{"name":"wp","href":"https:\/\/api.w.org\/{rel}","templated":true}]}}