{"id":2632,"date":"2025-06-25T21:22:13","date_gmt":"2025-06-25T21:22:13","guid":{"rendered":"http:\/\/energroupbhp.com\/?post_type=product&#038;p=2632"},"modified":"2026-04-03T08:34:14","modified_gmt":"2026-04-03T06:34:14","slug":"spodnie-robocze-ogrodniczki-ocieplane-urgent-550","status":"publish","type":"product","link":"https:\/\/energroupbhp.com\/pl\/produkt\/urgent-550-work-trousers-dungarees-insulated\/","title":{"rendered":"SPODNIE ROBOCZE OGRODNICZKI OCIEPLANE URGENT 550"},"content":{"rendered":"<h2 class=\"def\"><span class=\"def\">Spodnie ogrodniczki ocieplane 550 Pilne<\/span><\/h2>\n<p class=\"def\"><span class=\"def\"><a class=\"def\" href=\"https:\/\/optimumbhp.pl\/\" target=\"_blank\" rel=\"noopener\">Sklep Optimum BHP<\/a>\u00a0to miejsce, w kt\u00f3rym\u00a0<a class=\"def\" href=\"https:\/\/optimumbhp.pl\/odziez-robocza-ochronna\" target=\"_blank\" rel=\"noopener\">odzie\u017c robocza<\/a>\u00a0Oferta jest na tyle zr\u00f3\u017cnicowana, \u017ce klienci z praktycznie ka\u017cdej bran\u017cy b\u0119d\u0105 w stanie skompletowa\u0107\u00a0<strong class=\"def\">mundur<\/strong>\u00a0kt\u00f3ry jest odpowiedni do ich potrzeb. Powszechnym wyborem dla pracownik\u00f3w pracuj\u0105cych na zewn\u0105trz i wykonuj\u0105cych swoje obowi\u0105zki w zamkni\u0119tych pomieszczeniach s\u0105\u00a0<a class=\"def\" href=\"https:\/\/optimumbhp.pl\/spodnie-robocze\" target=\"_blank\" rel=\"noopener\">spodnie robocze, ale nale\u017cy pami\u0119ta\u0107, \u017ce w okresie jesienno-zimowym,\u00a0<\/a><a class=\"def\" href=\"https:\/\/optimumbhp.pl\/spodnie-robocze-ocieplane-zimowe\" target=\"_blank\" rel=\"noopener\">ocieplane spodnie robocze<\/a>\u00a0ciesz\u0105 si\u0119 znacznie wi\u0119ksz\u0105 popularno\u015bci\u0105 w\u015br\u00f3d os\u00f3b wykonuj\u0105cych swoje obowi\u0105zki na zewn\u0105trz, zaprojektowane z my\u015bl\u0105 o zwi\u0119kszeniu komfortu termicznego u\u017cytkownika. Nowo\u015bci\u0105 w naszej ofercie s\u0105\u00a0<a class=\"def\" href=\"https:\/\/optimumbhp.pl\/spodnie-ocieplane-ogrodniczki\" target=\"_blank\" rel=\"noopener\">ocieplane spodnie robocze, ogrodniczki<\/a>\u00a0model\u00a0<strong class=\"def\">550,<\/strong>\u00a0od znanego producenta\u00a0<strong class=\"def\">Pilne<\/strong>\u00a0, kt\u00f3re dost\u0119pne s\u0105 w na tyle uniwersalnej kolorystyce, \u017ce b\u0119d\u0105 dobrze komponowa\u0107 si\u0119 z wi\u0119kszo\u015bci\u0105 innych element\u00f3w garderoby. Tego typu\u00a0<a class=\"def\" href=\"https:\/\/optimumbhp.pl\/spodnie-robocze-ogrodniczki\" target=\"_blank\" rel=\"noopener\">spodnie robocze ogrodniczki<\/a>\u00a0have several practical pockets and suspenders with the possibility of adjusting the length of the legs, which, combined with a wide range of sizes, will make it easier for us to properly adjust to the figure. The price is also favorable here, which is so attractive that it\u00a0\u00a0\u00a0is worth considering this model when making a choice.<\/span><\/p>\n<h2 class=\"def\"><span class=\"def\">Pilnie potrzebne zimowe ogrodniczki robocze 550<\/span><\/h2>\n<p class=\"def\"><span class=\"def\"><strong class=\"def\">Materia\u0142<\/strong>\u00a0: 94% poliester, 6% spandex<\/span><\/p>\n<p class=\"def\"><span class=\"def\"><strong class=\"def\">Waga<\/strong>\u00a0: 300g\/m2<\/span><\/p>\n<p class=\"def\"><span class=\"def\"><strong class=\"def\">Rozmiary<\/strong>\u00a0: 44 - 62<\/span><\/p>\n<p class=\"def\"><span class=\"def\"><strong class=\"def\">Marka<\/strong>\u00a0:\u00a0<a class=\"def\" href=\"https:\/\/optimumbhp.pl\/URGENT\/pr\/59\" target=\"_blank\" rel=\"noopener\">Pilne<\/a><\/span><\/p>","protected":false},"excerpt":{"rendered":"<p>Insulated dungarees 550 Urgent The Optimum BHP store\u00a0is a place where\u00a0the workwear\u00a0on offer is so diverse that customers from virtually every industry will be able to complete\u00a0a uniform\u00a0that is adequate to their needs . A common choice for outdoor workers and those performing their duties in closed rooms are\u00a0work trousers , but it should be [&#8230;]\n","protected":false},"featured_media":2634,"comment_status":"open","ping_status":"closed","template":"","meta":[],"product_brand":[],"product_cat":[78],"product_tag":[],"class_list":{"0":"post-2632","1":"product","2":"type-product","3":"status-publish","4":"has-post-thumbnail","6":"product_cat-ogrodniczki-ochronne-bhp","8":"first","9":"","10":"taxable","11":"shipping-taxable","12":"product-type-simple"},"_links":{"self":[{"href":"https:\/\/energroupbhp.com\/pl\/wp-json\/wp\/v2\/product\/2632","targetHints":{"allow":["GET"]}}],"collection":[{"href":"https:\/\/energroupbhp.com\/pl\/wp-json\/wp\/v2\/product"}],"about":[{"href":"https:\/\/energroupbhp.com\/pl\/wp-json\/wp\/v2\/types\/product"}],"replies":[{"embeddable":true,"href":"https:\/\/energroupbhp.com\/pl\/wp-json\/wp\/v2\/comments?post=2632"}],"wp:featuredmedia":[{"embeddable":true,"href":"https:\/\/energroupbhp.com\/pl\/wp-json\/wp\/v2\/media\/2634"}],"wp:attachment":[{"href":"https:\/\/energroupbhp.com\/pl\/wp-json\/wp\/v2\/media?parent=2632"}],"wp:term":[{"taxonomy":"product_brand","embeddable":true,"href":"https:\/\/energroupbhp.com\/pl\/wp-json\/wp\/v2\/product_brand?post=2632"},{"taxonomy":"product_cat","embeddable":true,"href":"https:\/\/energroupbhp.com\/pl\/wp-json\/wp\/v2\/product_cat?post=2632"},{"taxonomy":"product_tag","embeddable":true,"href":"https:\/\/energroupbhp.com\/pl\/wp-json\/wp\/v2\/product_tag?post=2632"}],"curies":[{"name":"wp","href":"https:\/\/api.w.org\/{rel}","templated":true}]}}