{"id":2665,"date":"2025-06-25T21:43:39","date_gmt":"2025-06-25T21:43:39","guid":{"rendered":"http:\/\/energroupbhp.com\/?post_type=product&#038;p=2665"},"modified":"2026-04-03T08:30:17","modified_gmt":"2026-04-03T06:30:17","slug":"czapka-hogert-klaus-ciemnoszara","status":"publish","type":"product","link":"https:\/\/energroupbhp.com\/pl\/produkt\/hogert-klaus-cap-dark-grey\/","title":{"rendered":"Czapka HOGERT KLAUS ciemnoszara"},"content":{"rendered":"<div id=\"opis-produktu\" class=\"wpb_row vc_row-fluid vc_row inner_row  vc_custom_1626868672803 right_padding_89px left_padding_89px top_padding_tablet_34px bottom_padding_tablet_0px right_padding_tablet_34px left_padding_tablet_34px\" data-midnight=\"\" data-column-margin=\"default\">\n<div class=\"row_col_wrap_12_inner col span_12  left\">\n<div class=\"vc_col-sm-8 wpb_column column_container vc_column_container col child_column no-extra-padding inherit_tablet inherit_phone\" data-padding-pos=\"all\" data-has-bg-color=\"false\" data-bg-color=\"\" data-bg-opacity=\"1\" data-animation=\"\" data-delay=\"0\">\n<div class=\"vc_column-inner\">\n<div class=\"wpb_wrapper\">\n<div class=\"wpb_text_column wpb_content_element\">\n<div class=\"wpb_wrapper\">\n<p><span>Klasyczna czapka z daszkiem o charakterystycznej sze\u015bciok\u0105tnej strukturze. 2 przednie szwy wykonano z materia\u0142u, natomiast pozosta\u0142e 4 z siateczki, kt\u00f3ra doskonale chroni g\u0142ow\u0119 podczas upa\u0142\u00f3w. Siateczka jest niezwykle mi\u0119kka i delikatna, co poprawia przep\u0142yw powietrza. Na g\u00f3rze czapki umieszczono ozdobny guzik. Czapka z daszkiem umo\u017cliwia indywidualne dopasowanie rozmiaru oraz precyzyjne dopasowanie do g\u0142owy dzi\u0119ki wygodnemu zapi\u0119ciu na rzep. Dodatkowe odblaskowe detale pozwalaj\u0105 na zwi\u0119kszenie bezpiecze\u0144stwa podczas poruszania si\u0119 i pracy po zmroku.<\/span><\/p>\n<\/div>\n<\/div>\n<\/div>\n<\/div>\n<\/div>\n<\/div>\n<\/div>\n<div id=\"charakterystyka\" class=\"wpb_row vc_row-fluid vc_row inner_row  vc_custom_1626868683321 right_padding_89px left_padding_89px bottom_padding_tablet_0px right_padding_tablet_34px left_padding_tablet_34px\" data-midnight=\"\" data-column-margin=\"default\">\n<div class=\"row_col_wrap_12_inner col span_12  left\">\n<div class=\"vc_col-sm-8 wpb_column column_container vc_column_container col child_column no-extra-padding inherit_tablet inherit_phone\" data-padding-pos=\"all\" data-has-bg-color=\"false\" data-bg-color=\"\" data-bg-opacity=\"1\" data-animation=\"\" data-delay=\"0\">\n<div class=\"vc_column-inner\">\n<div class=\"wpb_wrapper\">\n<div class=\"divider-wrap\" data-alignment=\"default\">\n<div class=\"divider-border\" data-width=\"100%\" data-animate=\"\" data-animation-delay=\"\" data-color=\"default\"><\/div>\n<\/div>\n<div class=\"wpb_text_column wpb_content_element\">\n<div class=\"wpb_wrapper\">\n<h3><span>Charakterystyka<\/span><\/h3>\n<\/div>\n<\/div>\n<div class=\"nectar-fancy-ul animated-in\" data-list-icon=\"fa fa-check-circle\" data-animation=\"true\" data-animation-delay=\"0\" data-color=\"extra-color-1\" data-spacing=\"default\" data-alignment=\"left\">\n<ul>\n<li><i class=\"icon-default-style fa fa-check-circle extra-color-1\"><\/i><span>materia\u0142 TC tkanina 65% poliester, 35% bawe\u0142na, siatka 100% poliester<\/span><\/li>\n<li><i class=\"icon-default-style fa fa-check-circle extra-color-1\"><\/i><span>gramatura 190 g\/m\u00b2<\/span><\/li>\n<li><i class=\"icon-default-style fa fa-check-circle extra-color-1\"><\/i><span>os\u0142ona chroni przed s\u0142o\u0144cem<\/span><\/li>\n<li><i class=\"icon-default-style fa fa-check-circle extra-color-1\"><\/i><span>Regulacja na rzep<\/span><\/li>\n<li><i class=\"icon-default-style fa fa-check-circle extra-color-1\"><\/i><span>otwory wentylacyjne<\/span><\/li>\n<li><i class=\"icon-default-style fa fa-check-circle extra-color-1\"><\/i><span>ta\u015bma odblaskowa z ty\u0142u czapki.<\/span><\/li>\n<\/ul>\n<\/div>\n<\/div>\n<\/div>\n<\/div>\n<\/div>\n<\/div>","protected":false},"excerpt":{"rendered":"<p>Classic baseball cap with a characteristic hexagonal structure. 2 front seams are made of material, while the other 4 are made of mesh, which perfectly protects the head during hot weather. The mesh is extremely soft and delicate, which improves air flow. A decorative button is placed on the top of the cap. The baseball [&#8230;]\n","protected":false},"featured_media":2667,"comment_status":"open","ping_status":"closed","template":"","meta":[],"product_brand":[],"product_cat":[75],"product_tag":[],"class_list":{"0":"post-2665","1":"product","2":"type-product","3":"status-publish","4":"has-post-thumbnail","6":"product_cat-akcesoria-odziez-robocza-bhp","8":"first","9":"outofstock","10":"taxable","11":"shipping-taxable","12":"purchasable","13":"product-type-simple"},"_links":{"self":[{"href":"https:\/\/energroupbhp.com\/pl\/wp-json\/wp\/v2\/product\/2665","targetHints":{"allow":["GET"]}}],"collection":[{"href":"https:\/\/energroupbhp.com\/pl\/wp-json\/wp\/v2\/product"}],"about":[{"href":"https:\/\/energroupbhp.com\/pl\/wp-json\/wp\/v2\/types\/product"}],"replies":[{"embeddable":true,"href":"https:\/\/energroupbhp.com\/pl\/wp-json\/wp\/v2\/comments?post=2665"}],"wp:featuredmedia":[{"embeddable":true,"href":"https:\/\/energroupbhp.com\/pl\/wp-json\/wp\/v2\/media\/2667"}],"wp:attachment":[{"href":"https:\/\/energroupbhp.com\/pl\/wp-json\/wp\/v2\/media?parent=2665"}],"wp:term":[{"taxonomy":"product_brand","embeddable":true,"href":"https:\/\/energroupbhp.com\/pl\/wp-json\/wp\/v2\/product_brand?post=2665"},{"taxonomy":"product_cat","embeddable":true,"href":"https:\/\/energroupbhp.com\/pl\/wp-json\/wp\/v2\/product_cat?post=2665"},{"taxonomy":"product_tag","embeddable":true,"href":"https:\/\/energroupbhp.com\/pl\/wp-json\/wp\/v2\/product_tag?post=2665"}],"curies":[{"name":"wp","href":"https:\/\/api.w.org\/{rel}","templated":true}]}}