{"id":2691,"date":"2025-06-25T21:55:56","date_gmt":"2025-06-25T21:55:56","guid":{"rendered":"http:\/\/energroupbhp.com\/?post_type=product&#038;p=2691"},"modified":"2025-06-25T21:55:56","modified_gmt":"2025-06-25T21:55:56","slug":"hogert-dahn-czapka-z-daszkiem-ze-swiatlem-led-czarna","status":"publish","type":"product","link":"https:\/\/energroupbhp.com\/pl\/produkt\/hogert-dahn-baseball-cap-with-led-light-black\/","title":{"rendered":"Czapka z daszkiem HOGERT DAHN ze \u015bwiat\u0142em LED czarna"},"content":{"rendered":"<div id=\"opis-produktu\" class=\"wpb_row vc_row-fluid vc_row inner_row  vc_custom_1626868672803 right_padding_89px left_padding_89px top_padding_tablet_34px bottom_padding_tablet_0px right_padding_tablet_34px left_padding_tablet_34px\" data-midnight=\"\" data-column-margin=\"default\">\n<div class=\"row_col_wrap_12_inner col span_12  left\">\n<div class=\"vc_col-sm-8 wpb_column column_container vc_column_container col child_column no-extra-padding inherit_tablet inherit_phone\" data-padding-pos=\"all\" data-has-bg-color=\"false\" data-bg-color=\"\" data-bg-opacity=\"1\" data-animation=\"\" data-delay=\"0\">\n<div class=\"vc_column-inner\">\n<div class=\"wpb_wrapper\">\n<div class=\"wpb_text_column wpb_content_element\">\n<div class=\"wpb_wrapper\">\n<p><span>Czapka z daszkiem DAHN z wbudowan\u0105 lampk\u0105 LED to wygoda i funkcjonalno\u015b\u0107. Wykonana z wysokiej jako\u015bci bawe\u0142ny, wyposa\u017cona w diod\u0119 LED o mocy 100 lumen\u00f3w i trzystopniow\u0105 regulacj\u0119 jasno\u015bci, zapewnia o\u015bwietlenie w odleg\u0142o\u015bci do 10 metr\u00f3w.<\/span><\/p>\n<\/div>\n<\/div>\n<\/div>\n<\/div>\n<\/div>\n<\/div>\n<\/div>\n<div id=\"charakterystyka\" class=\"wpb_row vc_row-fluid vc_row inner_row  vc_custom_1626868683321 right_padding_89px left_padding_89px bottom_padding_tablet_0px right_padding_tablet_34px left_padding_tablet_34px\" data-midnight=\"\" data-column-margin=\"default\">\n<div class=\"row_col_wrap_12_inner col span_12  left\">\n<div class=\"vc_col-sm-8 wpb_column column_container vc_column_container col child_column no-extra-padding inherit_tablet inherit_phone\" data-padding-pos=\"all\" data-has-bg-color=\"false\" data-bg-color=\"\" data-bg-opacity=\"1\" data-animation=\"\" data-delay=\"0\">\n<div class=\"vc_column-inner\">\n<div class=\"wpb_wrapper\">\n<div class=\"wpb_text_column wpb_content_element\">\n<div class=\"wpb_wrapper\">\n<h3><span>Charakterystyka<\/span><\/h3>\n<\/div>\n<\/div>\n<div class=\"nectar-fancy-ul animated-in\" data-list-icon=\"fa fa-check-circle\" data-animation=\"true\" data-animation-delay=\"0\" data-color=\"extra-color-1\" data-spacing=\"default\" data-alignment=\"left\">\n<ul>\n<li><i class=\"icon-default-style fa fa-check-circle extra-color-1\"><\/i><span>materia\u0142: 100% bawe\u0142na;<\/span><\/li>\n<li><i class=\"icon-default-style fa fa-check-circle extra-color-1\"><\/i><span>Strumie\u0144 \u015bwietlny: 100 lm;<\/span><\/li>\n<li><i class=\"icon-default-style fa fa-check-circle extra-color-1\"><\/i><span>Regulacja nat\u0119\u017cenia \u015bwiat\u0142a: trzystopniowa;<\/span><\/li>\n<li><i class=\"icon-default-style fa fa-check-circle extra-color-1\"><\/i><span>zasi\u0119g \u015bwiat\u0142a: 5-10 m;<\/span><\/li>\n<li><i class=\"icon-default-style fa fa-check-circle extra-color-1\"><\/i><span>\u017bywotno\u015b\u0107 baterii: 2-4 godziny;<\/span><\/li>\n<li><i class=\"icon-default-style fa fa-check-circle extra-color-1\"><\/i><span>\u0142adowanie: USB;<\/span><\/li>\n<li><i class=\"icon-default-style fa fa-check-circle extra-color-1\"><\/i><span>certyfikaty: CE, RoHS.<\/span><\/li>\n<\/ul>\n<\/div>\n<\/div>\n<\/div>\n<\/div>\n<\/div>\n<\/div>","protected":false},"excerpt":{"rendered":"<p>The DAHN baseball cap with a built-in LED light offers comfort and functionality. Made of high-quality cotton, equipped with a 100-lumen LED and three-stage brightness adjustment, it provides lighting at a distance of up to 10 meters. Characteristic material: 100% cotton; luminous flux: 100 lm; light intensity adjustment: three-stage; light range: 5-10 m; battery life: [&#8230;]\n","protected":false},"featured_media":2693,"comment_status":"open","ping_status":"closed","template":"","meta":[],"product_brand":[],"product_cat":[75],"product_tag":[],"class_list":{"0":"post-2691","1":"product","2":"type-product","3":"status-publish","4":"has-post-thumbnail","6":"product_cat-akcesoria-odziez-robocza-bhp","8":"first","9":"instock","10":"taxable","11":"shipping-taxable","12":"purchasable","13":"product-type-simple"},"_links":{"self":[{"href":"https:\/\/energroupbhp.com\/pl\/wp-json\/wp\/v2\/product\/2691","targetHints":{"allow":["GET"]}}],"collection":[{"href":"https:\/\/energroupbhp.com\/pl\/wp-json\/wp\/v2\/product"}],"about":[{"href":"https:\/\/energroupbhp.com\/pl\/wp-json\/wp\/v2\/types\/product"}],"replies":[{"embeddable":true,"href":"https:\/\/energroupbhp.com\/pl\/wp-json\/wp\/v2\/comments?post=2691"}],"wp:featuredmedia":[{"embeddable":true,"href":"https:\/\/energroupbhp.com\/pl\/wp-json\/wp\/v2\/media\/2693"}],"wp:attachment":[{"href":"https:\/\/energroupbhp.com\/pl\/wp-json\/wp\/v2\/media?parent=2691"}],"wp:term":[{"taxonomy":"product_brand","embeddable":true,"href":"https:\/\/energroupbhp.com\/pl\/wp-json\/wp\/v2\/product_brand?post=2691"},{"taxonomy":"product_cat","embeddable":true,"href":"https:\/\/energroupbhp.com\/pl\/wp-json\/wp\/v2\/product_cat?post=2691"},{"taxonomy":"product_tag","embeddable":true,"href":"https:\/\/energroupbhp.com\/pl\/wp-json\/wp\/v2\/product_tag?post=2691"}],"curies":[{"name":"wp","href":"https:\/\/api.w.org\/{rel}","templated":true}]}}