{"id":3009,"date":"2025-07-01T09:57:52","date_gmt":"2025-07-01T09:57:52","guid":{"rendered":"https:\/\/energroupbhp.com\/?post_type=product&#038;p=3009"},"modified":"2026-04-03T08:19:39","modified_gmt":"2026-04-03T06:19:39","slug":"nitrile-gloves-100pcs-m-star-blue","status":"publish","type":"product","link":"https:\/\/energroupbhp.com\/pl\/produkt\/nitrile-gloves-100pcs-m-star-blue\/","title":{"rendered":"R\u0119kawiczki nitrylowe 100szt M Star Blue - r\u0119kawiczki nitrylowe jednorazowe"},"content":{"rendered":"<p data-start=\"637\" data-end=\"935\"><strong data-start=\"637\" data-end=\"674\">Nitrile Gloves 100pcs M Star Blue<\/strong> do wysokiej jako\u015bci <strong data-start=\"695\" data-end=\"719\">r\u0119kawiczki nitrylowe<\/strong>, zapewniaj\u0105ce niezawodn\u0105 ochron\u0119 i komfort podczas codziennych czynno\u015bci. Wykonane z mocnego nitrylu, skutecznie chroni\u0105 przed chemikaliami i uszkodzeniami mechanicznymi, zachowuj\u0105c jednocze\u015bnie du\u017c\u0105 elastyczno\u015b\u0107.<\/p>\n<p data-start=\"937\" data-end=\"1168\">Materia\u0142 <strong data-start=\"946\" data-end=\"972\">r\u0119kawiczek nitrylowych<\/strong> jest hipoalergiczny, dzi\u0119ki czemu mog\u0105 by\u0107 stosowane r\u00f3wnie\u017c przez osoby o wra\u017cliwej sk\u00f3rze. Ergonomiczny kszta\u0142t gwarantuje doskona\u0142e dopasowanie do d\u0142oni, co poprawia precyzj\u0119 i wygod\u0119 pracy.<\/p>\n<p data-start=\"1170\" data-end=\"1298\">\u2714 Idealne do u\u017cytku domowego, warsztatowego, w ogrodzie, przy pracach monta\u017cowych, a tak\u017ce w przemy\u015ble spo\u017cywczym i medycznym.<\/p>\n<p data-start=\"1300\" data-end=\"1321\"><strong data-start=\"1300\" data-end=\"1319\">Cechy produktu:<\/strong><\/p>\n<ul data-start=\"1322\" data-end=\"1464\">\n<li data-start=\"1322\" data-end=\"1344\">\n<p data-start=\"1324\" data-end=\"1344\">100% trwa\u0142y nitryl<\/p>\n<\/li>\n<li data-start=\"1345\" data-end=\"1377\">\n<p data-start=\"1347\" data-end=\"1377\">Hipoalergiczne i bez lateksu<\/p>\n<\/li>\n<li data-start=\"1378\" data-end=\"1402\">\n<p data-start=\"1380\" data-end=\"1402\">Opakowanie: 100 szt.<\/p>\n<\/li>\n<li data-start=\"1403\" data-end=\"1423\">\n<p data-start=\"1405\" data-end=\"1423\">Kolor: niebieski<\/p>\n<\/li>\n<li data-start=\"1424\" data-end=\"1464\">\n<p data-start=\"1426\" data-end=\"1464\">Doskona\u0142a przyczepno\u015b\u0107 i dopasowanie<\/p>\n<\/li>\n<\/ul>","protected":false},"excerpt":{"rendered":"<p data-start=\"460\" data-end=\"601\">M Star Blue \u2013 jednorazowe <strong data-start=\"486\" data-end=\"510\">r\u0119kawiczki nitrylowe<\/strong> w kolorze niebieskim, 100 szt. Odporne na chemikalia, elastyczne i bezpieczne dla sk\u00f3ry.<\/p>","protected":false},"featured_media":3011,"comment_status":"open","ping_status":"closed","template":"","meta":[],"product_brand":[],"product_cat":[95,45],"product_tag":[385,367,384,366,388,386,381,389,387,373,382,383],"class_list":{"0":"post-3009","1":"product","2":"type-product","3":"status-publish","4":"has-post-thumbnail","6":"product_cat-partner-brands","7":"product_cat-rekawice-robocze-bhp","8":"product_tag-rekawice-do-ogrodu","9":"product_tag-rekawice-ochronne","10":"product_tag-rekawice-ochronne-nitrylowe","11":"product_tag-rekawice-robocze","12":"product_tag-rekawice-spozywcze","13":"product_tag-rekawiczki-do-pracy","14":"product_tag-rekawiczki-jednorazowe","15":"product_tag-rekawiczki-lateksowe-alternatywa","16":"product_tag-rekawiczki-medyczne-nitrylowe","17":"product_tag-rekawiczki-nitrylowe","18":"product_tag-rekawiczki-nitrylowe-m","19":"product_tag-rekawiczki-nitrylowe-s","21":"first","22":"instock","23":"taxable","24":"shipping-taxable","25":"purchasable","26":"product-type-variable"},"_links":{"self":[{"href":"https:\/\/energroupbhp.com\/pl\/wp-json\/wp\/v2\/product\/3009","targetHints":{"allow":["GET"]}}],"collection":[{"href":"https:\/\/energroupbhp.com\/pl\/wp-json\/wp\/v2\/product"}],"about":[{"href":"https:\/\/energroupbhp.com\/pl\/wp-json\/wp\/v2\/types\/product"}],"replies":[{"embeddable":true,"href":"https:\/\/energroupbhp.com\/pl\/wp-json\/wp\/v2\/comments?post=3009"}],"wp:featuredmedia":[{"embeddable":true,"href":"https:\/\/energroupbhp.com\/pl\/wp-json\/wp\/v2\/media\/3011"}],"wp:attachment":[{"href":"https:\/\/energroupbhp.com\/pl\/wp-json\/wp\/v2\/media?parent=3009"}],"wp:term":[{"taxonomy":"product_brand","embeddable":true,"href":"https:\/\/energroupbhp.com\/pl\/wp-json\/wp\/v2\/product_brand?post=3009"},{"taxonomy":"product_cat","embeddable":true,"href":"https:\/\/energroupbhp.com\/pl\/wp-json\/wp\/v2\/product_cat?post=3009"},{"taxonomy":"product_tag","embeddable":true,"href":"https:\/\/energroupbhp.com\/pl\/wp-json\/wp\/v2\/product_tag?post=3009"}],"curies":[{"name":"wp","href":"https:\/\/api.w.org\/{rel}","templated":true}]}}