{"id":3061,"date":"2025-07-01T10:29:59","date_gmt":"2025-07-01T10:29:59","guid":{"rendered":"https:\/\/energroupbhp.com\/?post_type=product&#038;p=3061"},"modified":"2026-04-02T13:38:57","modified_gmt":"2026-04-02T11:38:57","slug":"polmaska-wielokrotnego-uzytku-3m-7500","status":"publish","type":"product","link":"https:\/\/energroupbhp.com\/pl\/produkt\/3m-7500-reusable-half-mask\/","title":{"rendered":"P\u00f3\u0142maska wielokrotnego u\u017cytku 3M 7500"},"content":{"rendered":"<h2>P\u00f3\u0142maska wielokrotnego u\u017cytku 3M 7500 z serii M - chroni przed py\u0142ami, gazami, oparami i mg\u0142ami<\/h2>\n<p>P\u00f3\u0142maska 3M 7500 M jest\u00a0<a href=\"https:\/\/www.glovex.com.pl\/artykuly-bhp\" target=\"_blank\" rel=\"noopener\">solidny produkt BHP<\/a>\u00a0. Filtruj\u0105ca p\u00f3\u0142maska ochronna jest py\u0142oszczelna. Skutecznie chroni uk\u0142ad oddechowy i zabezpiecza przed py\u0142em, mg\u0142\u0105, aerozolami oraz cz\u0105stkami sta\u0142ymi i ciek\u0142ymi. P\u00f3\u0142maska robocza wyposa\u017cona jest w specjalny system Drop Down. Wp\u0142ywa on na swobod\u0119 oddychania. Nie zatrzymuje wydychanego powietrza wewn\u0105trz, lecz automatycznie wypuszcza je na zewn\u0105trz maski. Z\u0142\u0105cze bagnetowe gwarantuje obecno\u015b\u0107 dw\u00f3ch element\u00f3w oczyszczaj\u0105cych. P\u00f3\u0142maska ochronna jest niezwykle lekka. Waga zale\u017cy od rozmiaru SL. Dla rozmiaru L wynosi ona 136 gram\u00f3w. Nie ogranicza ruch\u00f3w i nie stanowi obci\u0105\u017cenia. Produkt posiada minimaln\u0105 liczb\u0119 miejsc, w kt\u00f3rych mo\u017ce gromadzi\u0107 si\u0119 brud. Dzi\u0119ki temu jest \u0142atwy do utrzymania w czysto\u015bci. Zalet\u0105 produktu jest mo\u017cliwo\u015b\u0107 \u0142\u0105czenia go z innymi produktami ochronnymi BHP.<\/p>\n<ul>\n<li>Czy jeste\u015b zainteresowany ilo\u015bciami hurtowymi?\u00a0<strong>Zapytaj: hurt@glovex.pl<\/strong><\/li>\n<li>W zale\u017cno\u015bci od wybranych element\u00f3w czyszcz\u0105cych (oddzielnie), chroni przed kurzem, oparami i gazami r\u00f3\u017cnego pochodzenia<\/li>\n<li>Mi\u0119kka silikonowa os\u0142ona twarzy<\/li>\n<li>Lekkie (maks. 136 g), dobrze wywa\u017cone, zmniejszone punkty nacisku i napr\u0119\u017cenia na g\u0142owie<\/li>\n<li>Uprz\u0105\u017c na g\u0142ow\u0119 (136 g) z funkcj\u0105 DropDown<\/li>\n<li>\u0141atwy w u\u017cyciu, ekonomiczny, wygodny<\/li>\n<li>Konstrukcja z dwoma elementami oczyszczaj\u0105cymi<\/li>\n<li>Z\u0142\u0105cza absorbera typu bagnetowego<\/li>\n<li>Zaw\u00f3r wydechowy 3M\u2122 Cool Flow kieruje wydychane powietrze w d\u00f3\u0142<\/li>\n<li>Wi\u0119ksza trwa\u0142o\u015b\u0107 i \u0142atwo\u015b\u0107 czyszczenia<\/li>\n<li>Zmniejszona liczba miejsc, w kt\u00f3rych mo\u017ce gromadzi\u0107 si\u0119 brud, zmniejszaj\u0105c ryzyko zaparowania okular\u00f3w lub gogli<\/li>\n<li>Producent: 3M<\/li>\n<li>Trzy rozmiary:<\/li>\n<li>3M\/7501 S-ma\u0142y<\/li>\n<li>3M\/7502 M-\u015bredni<\/li>\n<li>3M\/7503 L-du\u017cy<\/li>\n<\/ul>\n<h2>P\u00f3\u0142maska wielokrotnego u\u017cytku 3M 7500 spe\u0142nia wymagania normy BHP.<\/h2>\n<ul>\n<li>EN140 - Sprz\u0119t ochrony uk\u0142adu oddechowego. P\u00f3\u0142maski i \u0107wier\u0107maski. Wymagania, badania, znakowanie.<\/li>\n<\/ul>","protected":false},"excerpt":{"rendered":"<p>3M 7500 M Series Reusable Half Mask &#8211; Protects against dust, gases, vapors and mists The 3M 7500 M half mask is\u00a0a solid OHS product\u00a0. The filtering protective half mask is dust-resistant. It effectively protects the respiratory system and protects against dust, mist, aerosols and solid and liquid particles. The work half mask is equipped [&#8230;]\n","protected":false},"featured_media":3063,"comment_status":"open","ping_status":"closed","template":"","meta":[],"product_brand":[],"product_cat":[94],"product_tag":[],"class_list":{"0":"post-3061","1":"product","2":"type-product","3":"status-publish","4":"has-post-thumbnail","6":"product_cat-sprzet-ochronny-bhp","8":"first","9":"instock","10":"taxable","11":"shipping-taxable","12":"purchasable","13":"product-type-variable"},"_links":{"self":[{"href":"https:\/\/energroupbhp.com\/pl\/wp-json\/wp\/v2\/product\/3061","targetHints":{"allow":["GET"]}}],"collection":[{"href":"https:\/\/energroupbhp.com\/pl\/wp-json\/wp\/v2\/product"}],"about":[{"href":"https:\/\/energroupbhp.com\/pl\/wp-json\/wp\/v2\/types\/product"}],"replies":[{"embeddable":true,"href":"https:\/\/energroupbhp.com\/pl\/wp-json\/wp\/v2\/comments?post=3061"}],"wp:featuredmedia":[{"embeddable":true,"href":"https:\/\/energroupbhp.com\/pl\/wp-json\/wp\/v2\/media\/3063"}],"wp:attachment":[{"href":"https:\/\/energroupbhp.com\/pl\/wp-json\/wp\/v2\/media?parent=3061"}],"wp:term":[{"taxonomy":"product_brand","embeddable":true,"href":"https:\/\/energroupbhp.com\/pl\/wp-json\/wp\/v2\/product_brand?post=3061"},{"taxonomy":"product_cat","embeddable":true,"href":"https:\/\/energroupbhp.com\/pl\/wp-json\/wp\/v2\/product_cat?post=3061"},{"taxonomy":"product_tag","embeddable":true,"href":"https:\/\/energroupbhp.com\/pl\/wp-json\/wp\/v2\/product_tag?post=3061"}],"curies":[{"name":"wp","href":"https:\/\/api.w.org\/{rel}","templated":true}]}}