{"id":3067,"date":"2025-07-01T10:35:31","date_gmt":"2025-07-01T10:35:31","guid":{"rendered":"https:\/\/energroupbhp.com\/?post_type=product&#038;p=3067"},"modified":"2025-07-01T10:35:31","modified_gmt":"2025-07-01T10:35:31","slug":"ffp2-polmaska-z-zaworem-skladana-15-szt","status":"publish","type":"product","link":"https:\/\/energroupbhp.com\/pl\/produkt\/ffp2-half-mask-with-valve-foldable-15-pcs\/","title":{"rendered":"P\u00f3\u0142maska FFP2 z zaworem, sk\u0142adana - 15 szt."},"content":{"rendered":"<ul class=\"ProductFeaturesTextstyles__FeatureList-fxqvf2-1 eacpVB\">\n<li class=\"ProductFeaturesTextstyles__Feature-fxqvf2-3 gFBAGy\"><span>Filtr FFP2 - skuteczno\u015b\u0107 filtrowania 94%.<\/span><\/li>\n<li class=\"ProductFeaturesTextstyles__Feature-fxqvf2-3 gFBAGy\"><span>Mo\u017cliwo\u015b\u0107 z\u0142o\u017cenia na p\u0142asko u\u0142atwia przenoszenie na miejsce pracy.<\/span><\/li>\n<li class=\"ProductFeaturesTextstyles__Feature-fxqvf2-3 gFBAGy\"><span>Zaw\u00f3r jednokierunkowy - zapobiega zaparowaniu i u\u0142atwia oddychanie.<\/span><\/li>\n<li class=\"ProductFeaturesTextstyles__Feature-fxqvf2-3 gFBAGy\"><span>Zaw\u00f3r wydechowy - \u0142atwe oddychanie.<\/span><\/li>\n<li class=\"ProductFeaturesTextstyles__Feature-fxqvf2-3 gFBAGy\"><span>Klips na nos dla optymalnego dopasowania.<\/span><\/li>\n<li class=\"ProductFeaturesTextstyles__Feature-fxqvf2-3 gFBAGy\"><span>Wygodne regulowane paski - \u0142atwe dopasowanie.<\/span><\/li>\n<li class=\"ProductFeaturesTextstyles__Feature-fxqvf2-3 gFBAGy\"><span>Podczas procesu certyfikacji p\u00f3\u0142maski zosta\u0142y poddane dodatkowym testom laboratoryjnym z u\u017cyciem py\u0142u dolomitowego (D).<\/span><\/li>\n<li class=\"ProductFeaturesTextstyles__Feature-fxqvf2-3 gFBAGy\"><span>Do u\u017cytku z okularami MILWAUKEE\u00ae.<\/span><\/li>\n<li class=\"ProductFeaturesTextstyles__Feature-fxqvf2-3 gFBAGy\"><span>Jednorazowa p\u00f3\u0142maska filtruj\u0105ca (kategoria III) z filtrem FFP2 NR D certyfikowanym zgodnie z EN149: 2001\/A1:2009<\/span><\/li>\n<\/ul>","protected":false},"excerpt":{"rendered":"<p>FFP2 filter &#8211; filtering efficiency of 94%. Can be folded flat for easy carrying to the job site. One-way valve &#8211; prevents fogging and makes breathing easier. Exhalation valve &#8211; easy breathing. Nose clip for optimal fit. Comfortable adjustable straps &#8211; easy fit. During the certification process, the half masks were subjected to additional laboratory [&#8230;]\n","protected":false},"featured_media":3071,"comment_status":"open","ping_status":"closed","template":"","meta":[],"product_brand":[],"product_cat":[94],"product_tag":[],"class_list":{"0":"post-3067","1":"product","2":"type-product","3":"status-publish","4":"has-post-thumbnail","6":"product_cat-sprzet-ochronny-bhp","8":"first","9":"instock","10":"taxable","11":"shipping-taxable","12":"purchasable","13":"product-type-simple"},"_links":{"self":[{"href":"https:\/\/energroupbhp.com\/pl\/wp-json\/wp\/v2\/product\/3067","targetHints":{"allow":["GET"]}}],"collection":[{"href":"https:\/\/energroupbhp.com\/pl\/wp-json\/wp\/v2\/product"}],"about":[{"href":"https:\/\/energroupbhp.com\/pl\/wp-json\/wp\/v2\/types\/product"}],"replies":[{"embeddable":true,"href":"https:\/\/energroupbhp.com\/pl\/wp-json\/wp\/v2\/comments?post=3067"}],"wp:featuredmedia":[{"embeddable":true,"href":"https:\/\/energroupbhp.com\/pl\/wp-json\/wp\/v2\/media\/3071"}],"wp:attachment":[{"href":"https:\/\/energroupbhp.com\/pl\/wp-json\/wp\/v2\/media?parent=3067"}],"wp:term":[{"taxonomy":"product_brand","embeddable":true,"href":"https:\/\/energroupbhp.com\/pl\/wp-json\/wp\/v2\/product_brand?post=3067"},{"taxonomy":"product_cat","embeddable":true,"href":"https:\/\/energroupbhp.com\/pl\/wp-json\/wp\/v2\/product_cat?post=3067"},{"taxonomy":"product_tag","embeddable":true,"href":"https:\/\/energroupbhp.com\/pl\/wp-json\/wp\/v2\/product_tag?post=3067"}],"curies":[{"name":"wp","href":"https:\/\/api.w.org\/{rel}","templated":true}]}}