{"id":3072,"date":"2025-07-01T10:38:20","date_gmt":"2025-07-01T10:38:20","guid":{"rendered":"https:\/\/energroupbhp.com\/?post_type=product&#038;p=3072"},"modified":"2025-07-01T10:38:20","modified_gmt":"2025-07-01T10:38:20","slug":"apteczka-pierwszej-pomocy-material-pk-mot-asam","status":"publish","type":"product","link":"https:\/\/energroupbhp.com\/pl\/produkt\/first-aid-kit-material-pk-mot-asam\/","title":{"rendered":"Materia\u0142 apteczki pierwszej pomocy PK-MOT ASAM"},"content":{"rendered":"<p><span>Apteczka PK-MOT to podstawowe wyposa\u017cenie samochod\u00f3w, motocykli i rower\u00f3w, a tak\u017ce grupowych wyjazd\u00f3w turystycznych.<\/span><\/p>\n<ul>\n<li><span>wykonany z wodoodpornego materia\u0142u<\/span><\/li>\n<li><span>sprz\u0119t zgodny z norm\u0105 DIN 13164<\/span><\/li>\n<li><span>14-cz\u0119\u015bciowy zestaw gipsowy z opatrunkiem: 6\u00d710 cm (4 szt.), 4,3\u00d77,2 cm (2 szt.), 12\u00d72 cm (2 szt.), 1,9\u00d77,2 cm (2 szt.), 2,5\u00d77,2 cm (4 szt.)<\/span><\/li>\n<li><span>plaster na szpuli 5 mx 2,5 cm (1 szt.)<\/span><\/li>\n<li><span>banda\u017c elastyczny 4 mx 6 cm (2 szt.)<\/span><\/li>\n<li><span>banda\u017c elastyczny 4 mx 8 cm (3 szt.)<\/span><\/li>\n<li><span>r\u0119kawice winylowe (2 pary)<\/span><\/li>\n<li><span>chusteczki nawil\u017cane (2 szt.)<\/span><\/li>\n<li><span>banda\u017c 60\u00d780 cm (1 szt.)<\/span><\/li>\n<li><span>banda\u017c 60\u00d740 cm (1 szt.)<\/span><\/li>\n<li><span>banda\u017c z kompresem (opatrunek indywidualny) 6\u00d78 cm (1 szt.)<\/span><\/li>\n<li><span>banda\u017c z kompresem (opatrunek indywidualny) 8\u00d710 cm (2 szt.)<\/span><\/li>\n<li><span>banda\u017c z kompresem (opatrunek indywidualny) 10\u00d712 cm (1 szt.)<\/span><\/li>\n<li><span>kompres na ran\u0119 10\u00d710 cm (6 szt.)<\/span><\/li>\n<li><span>szalik tr\u00f3jk\u0105tny 96x96x136 cm (2 szt.)<\/span><\/li>\n<li><span>koc termiczny 160\u00d7210 cm (1 szt.)<\/span><\/li>\n<li><span>no\u017cyczki (1 szt.)<\/span><\/li>\n<li><span>instrukcje pierwszej pomocy<\/span><\/li>\n<li><strong><span>wymiary apteczki pierwszej pomocy: 24x15x6<\/span><\/strong><\/li>\n<\/ul>\n<p><span>Zalecane dla bran\u017c takich jak:<\/span><\/p>\n<ul>\n<li><span>obr\u00f3bka cieplna<\/span><\/li>\n<li><span>prace magazynowe<\/span><\/li>\n<li><span>przemys\u0142 chemiczny<\/span><\/li>\n<li><span>przemys\u0142 spo\u017cywczy, opieka zdrowotna, laboratoria<\/span><\/li>\n<li><span>sport i zdrowie<\/span><\/li>\n<\/ul>","protected":false},"excerpt":{"rendered":"<p>The PK-MOT first aid kit is a basic piece of equipment for cars, motorcycles and bicycles, as well as for group tourist trips. made of waterproof fabric equipment in accordance with DIN 13164 14-piece plaster set with dressing: 6&#215;10 cm (4 pcs.), 4.3&#215;7.2 cm (2 pcs.), 12&#215;2 cm (2 pcs.), 1.9&#215;7.2 cm (2 pcs.), 2.5&#215;7.2 [&#8230;]\n","protected":false},"featured_media":3075,"comment_status":"open","ping_status":"closed","template":"","meta":[],"product_brand":[],"product_cat":[94],"product_tag":[],"class_list":{"0":"post-3072","1":"product","2":"type-product","3":"status-publish","4":"has-post-thumbnail","6":"product_cat-sprzet-ochronny-bhp","8":"first","9":"instock","10":"taxable","11":"shipping-taxable","12":"purchasable","13":"product-type-simple"},"_links":{"self":[{"href":"https:\/\/energroupbhp.com\/pl\/wp-json\/wp\/v2\/product\/3072","targetHints":{"allow":["GET"]}}],"collection":[{"href":"https:\/\/energroupbhp.com\/pl\/wp-json\/wp\/v2\/product"}],"about":[{"href":"https:\/\/energroupbhp.com\/pl\/wp-json\/wp\/v2\/types\/product"}],"replies":[{"embeddable":true,"href":"https:\/\/energroupbhp.com\/pl\/wp-json\/wp\/v2\/comments?post=3072"}],"wp:featuredmedia":[{"embeddable":true,"href":"https:\/\/energroupbhp.com\/pl\/wp-json\/wp\/v2\/media\/3075"}],"wp:attachment":[{"href":"https:\/\/energroupbhp.com\/pl\/wp-json\/wp\/v2\/media?parent=3072"}],"wp:term":[{"taxonomy":"product_brand","embeddable":true,"href":"https:\/\/energroupbhp.com\/pl\/wp-json\/wp\/v2\/product_brand?post=3072"},{"taxonomy":"product_cat","embeddable":true,"href":"https:\/\/energroupbhp.com\/pl\/wp-json\/wp\/v2\/product_cat?post=3072"},{"taxonomy":"product_tag","embeddable":true,"href":"https:\/\/energroupbhp.com\/pl\/wp-json\/wp\/v2\/product_tag?post=3072"}],"curies":[{"name":"wp","href":"https:\/\/api.w.org\/{rel}","templated":true}]}}