{"id":3409,"date":"2025-07-18T14:21:40","date_gmt":"2025-07-18T12:21:40","guid":{"rendered":"https:\/\/energroupbhp.com\/?post_type=product&#038;p=3409"},"modified":"2026-03-26T15:51:24","modified_gmt":"2026-03-26T14:51:24","slug":"ogrodniczki-robocze-elastyczne-hogert","status":"publish","type":"product","link":"https:\/\/energroupbhp.com\/pl\/produkt\/ogrodniczki-robocze-elastyczne-hogert\/","title":{"rendered":"H\u00f6gert ogrodniczki robocze elastyczne, Ciemnoszare"},"content":{"rendered":"<p data-start=\"734\" data-end=\"917\"><strong data-start=\"734\" data-end=\"752\">ogrodniczki robocze elastyczne HOGERT WURNITZ<\/strong> to nowoczesne, elastyczne spodnie ogrodniczki robocze w kolorze ciemnoszarym, stworzone z my\u015bl\u0105 o wygodzie i bezpiecze\u0144stwie pracownik\u00f3w w wymagaj\u0105cych warunkach.Elastyczne Ogrodniczki Robocze<\/p>\n<h2 data-start=\"734\" data-end=\"917\"><strong>ogrodniczki robocze elastyczne H\u00f6gert<\/strong><\/h2>\n<p data-start=\"919\" data-end=\"1561\">\u2714 <strong data-start=\"921\" data-end=\"939\">Materia\u0142 TWILL<\/strong> - wysokiej jako\u015bci mieszanka poliestru, bawe\u0142ny i elastanu, odporna na przetarcia i rozdarcia, a jednocze\u015bnie elastyczna.<br data-start=\"1061\" data-end=\"1064\" \/>\u2714 <strong data-start=\"1066\" data-end=\"1093\">Wzmocnienia Oxford 300D<\/strong> - dodatkowa ochrona w kluczowych miejscach zwi\u0119kszaj\u0105ca trwa\u0142o\u015b\u0107 spodni.<br data-start=\"1166\" data-end=\"1169\" \/>\u2714 <strong data-start=\"1171\" data-end=\"1189\">Swoboda ruch\u00f3w<\/strong> - dzi\u0119ki dodatkowi elastanu spodnie idealnie dopasowuj\u0105 si\u0119 do sylwetki, nie ograniczaj\u0105c pracy.<br data-start=\"1286\" data-end=\"1289\" \/>\u2714 <strong data-start=\"1291\" data-end=\"1318\">Praktyczne zastosowanie<\/strong> - doskona\u0142e dla pracownik\u00f3w produkcji, budownictwa, transportu, serwisu, monta\u017cu i mechaniki samochodowej.<br data-start=\"1425\" data-end=\"1428\" \/>\u2714 <strong data-start=\"1430\" data-end=\"1453\">Komfort u\u017cytkowania<\/strong> - ergonomiczny kr\u00f3j, solidne szwy i funkcjonalne rozwi\u0105zania zwi\u0119kszaj\u0105 wygod\u0119 podczas ca\u0142ego dnia pracy.<\/p>\n<p data-start=\"1563\" data-end=\"1707\">Spodnie ogrodniczki <strong data-start=\"1583\" data-end=\"1594\">WURNITZ<\/strong> \u0141\u0105cz\u0105 trwa\u0142o\u015b\u0107 z komfortem - to profesjonalny wyb\u00f3r dla os\u00f3b ceni\u0105cych niezawodn\u0105 i praktyczn\u0105 odzie\u017c robocz\u0105.<\/p>","protected":false},"excerpt":{"rendered":"<p data-start=\"243\" data-end=\"484\"><strong data-start=\"274\" data-end=\"292\">ogrodniczki robocze elastyczne Hogert Wurnitz<\/strong> w kolorze ciemnoszarym. Wykonane z mieszanki poliestru, bawe\u0142ny i elastanu, ze wzmocnieniami Oxford 300D. Wysoki komfort i trwa\u0142o\u015b\u0107 - idealne do pracy w budownictwie, transporcie i serwisie.<\/p>","protected":false},"featured_media":3410,"comment_status":"open","ping_status":"closed","template":"","meta":[],"product_brand":[],"product_cat":[60,78],"product_tag":[578,575,583,347,581,580,576,579,577,582],"class_list":{"0":"post-3409","1":"product","2":"type-product","3":"status-publish","4":"has-post-thumbnail","6":"product_cat-kurtki-odblaskowe-robocze","7":"product_cat-ogrodniczki-ochronne-bhp","8":"product_tag-ciemnoszare-ogrodniczki-robocze","9":"product_tag-hogert-wurnitz","10":"product_tag-odziez-dla-mechanikow-hogert","11":"product_tag-odziez-robocza-hogert","12":"product_tag-ogrodniczki-ochronne-elastyczne","13":"product_tag-ogrodniczki-robocze-budowlane","14":"product_tag-ogrodniczki-robocze-hogert","15":"product_tag-spodnie-do-pracy-hogert","16":"product_tag-spodnie-ogrodniczki-elastyczne","17":"product_tag-wzmocnione-spodnie-robocze","19":"first","20":"instock","21":"taxable","22":"shipping-taxable","23":"purchasable","24":"product-type-variable"},"_links":{"self":[{"href":"https:\/\/energroupbhp.com\/pl\/wp-json\/wp\/v2\/product\/3409","targetHints":{"allow":["GET"]}}],"collection":[{"href":"https:\/\/energroupbhp.com\/pl\/wp-json\/wp\/v2\/product"}],"about":[{"href":"https:\/\/energroupbhp.com\/pl\/wp-json\/wp\/v2\/types\/product"}],"replies":[{"embeddable":true,"href":"https:\/\/energroupbhp.com\/pl\/wp-json\/wp\/v2\/comments?post=3409"}],"wp:featuredmedia":[{"embeddable":true,"href":"https:\/\/energroupbhp.com\/pl\/wp-json\/wp\/v2\/media\/3410"}],"wp:attachment":[{"href":"https:\/\/energroupbhp.com\/pl\/wp-json\/wp\/v2\/media?parent=3409"}],"wp:term":[{"taxonomy":"product_brand","embeddable":true,"href":"https:\/\/energroupbhp.com\/pl\/wp-json\/wp\/v2\/product_brand?post=3409"},{"taxonomy":"product_cat","embeddable":true,"href":"https:\/\/energroupbhp.com\/pl\/wp-json\/wp\/v2\/product_cat?post=3409"},{"taxonomy":"product_tag","embeddable":true,"href":"https:\/\/energroupbhp.com\/pl\/wp-json\/wp\/v2\/product_tag?post=3409"}],"curies":[{"name":"wp","href":"https:\/\/api.w.org\/{rel}","templated":true}]}}