{"id":3745,"date":"2026-04-03T14:48:39","date_gmt":"2026-04-03T12:48:39","guid":{"rendered":"https:\/\/energroupbhp.com\/?post_type=product&#038;p=3745"},"modified":"2026-04-04T09:50:07","modified_gmt":"2026-04-04T07:50:07","slug":"rekawice-jednorazowe-nitrylowe-hand-armor-daimond-100-szt","status":"publish","type":"product","link":"https:\/\/energroupbhp.com\/pl\/produkt\/rekawice-jednorazowe-nitrylowe-hand-armor-daimond-100-szt\/","title":{"rendered":"R\u0119kawice jednorazowe nitrylowe Hand Armor DAIMOND &#8211; 100 szt."},"content":{"rendered":"<h2>R\u0119kawiczki jednorazowe nitrylowe Hand Armor DAIMOND<\/h2>\n<p>W opakowaniu znajduje si\u0119 100 sztuk r\u0119kawic ochronnych bezpudrowych, wykonanych z wysokiej jako\u015bci nitrylu. Diamentowa struktura zapewnia doskona\u0142y chwyt i precyzj\u0119 ruch\u00f3w, chroni\u0105c jednocze\u015bnie przed substancjami chemicznymi i mikroorganizmami. R\u0119kawice charakteryzuj\u0105 si\u0119 wyj\u0105tkow\u0105 wytrzyma\u0142o\u015bci\u0105 dzi\u0119ki swojej grubo\u015bci wynosz\u0105cej 8g oraz wysokiej jako\u015bci nitrylowej pow\u0142oce o strukturze diamentu, kt\u00f3ra zapewnia doskona\u0142\u0105 przyczepno\u015b\u0107. Elastyczno\u015b\u0107 r\u0119kawic nie wp\u0142ywa na ich grubo\u015b\u0107, a dzi\u0119ki temu nie powoduj\u0105 one odparze\u0144 d\u0142oni. Stanowi\u0105 skuteczn\u0105 barier\u0119 ochronn\u0105 przed bakteriami, wirusami i zanieczyszczeniami.<\/p>\n<p>R\u0119kawice\u00a0spe\u0142niaj\u0105 wymogi Rozporz\u0105dzenia PPE (UE) 2016\/425 jako produkt kategorii III typu B oraz normy EN ISO 374-1\/TYPE B, EN ISO 374-2, EN ISO 374-4, EN ISO 374-5, EN 16523-1 oraz s\u0105 dopuszczone do kontaktu z \u017cywno\u015bci\u0105.<\/p>","protected":false},"excerpt":{"rendered":"<p>R\u0119kawiczki jednorazowe nitrylowe Hand Armor DAIMOND W opakowaniu znajduje si\u0119 100 sztuk r\u0119kawic ochronnych bezpudrowych, wykonanych z wysokiej jako\u015bci nitrylu. Diamentowa struktura zapewnia doskona\u0142y chwyt i precyzj\u0119 ruch\u00f3w, chroni\u0105c jednocze\u015bnie przed substancjami chemicznymi i mikroorganizmami. R\u0119kawice charakteryzuj\u0105 si\u0119 wyj\u0105tkow\u0105 wytrzyma\u0142o\u015bci\u0105 dzi\u0119ki swojej grubo\u015bci wynosz\u0105cej 8g oraz wysokiej jako\u015bci nitrylowej pow\u0142oce o strukturze diamentu, kt\u00f3ra zapewnia [&#8230;]\n","protected":false},"featured_media":3748,"comment_status":"open","ping_status":"closed","template":"","meta":[],"product_brand":[],"product_cat":[75],"product_tag":[],"class_list":{"0":"post-3745","1":"product","2":"type-product","3":"status-publish","4":"has-post-thumbnail","6":"product_cat-akcesoria-odziez-robocza-bhp","8":"first","9":"instock","10":"sale","11":"taxable","12":"shipping-taxable","13":"purchasable","14":"product-type-variable"},"_links":{"self":[{"href":"https:\/\/energroupbhp.com\/pl\/wp-json\/wp\/v2\/product\/3745","targetHints":{"allow":["GET"]}}],"collection":[{"href":"https:\/\/energroupbhp.com\/pl\/wp-json\/wp\/v2\/product"}],"about":[{"href":"https:\/\/energroupbhp.com\/pl\/wp-json\/wp\/v2\/types\/product"}],"replies":[{"embeddable":true,"href":"https:\/\/energroupbhp.com\/pl\/wp-json\/wp\/v2\/comments?post=3745"}],"wp:featuredmedia":[{"embeddable":true,"href":"https:\/\/energroupbhp.com\/pl\/wp-json\/wp\/v2\/media\/3748"}],"wp:attachment":[{"href":"https:\/\/energroupbhp.com\/pl\/wp-json\/wp\/v2\/media?parent=3745"}],"wp:term":[{"taxonomy":"product_brand","embeddable":true,"href":"https:\/\/energroupbhp.com\/pl\/wp-json\/wp\/v2\/product_brand?post=3745"},{"taxonomy":"product_cat","embeddable":true,"href":"https:\/\/energroupbhp.com\/pl\/wp-json\/wp\/v2\/product_cat?post=3745"},{"taxonomy":"product_tag","embeddable":true,"href":"https:\/\/energroupbhp.com\/pl\/wp-json\/wp\/v2\/product_tag?post=3745"}],"curies":[{"name":"wp","href":"https:\/\/api.w.org\/{rel}","templated":true}]}}