{"id":3755,"date":"2026-04-03T14:55:42","date_gmt":"2026-04-03T12:55:42","guid":{"rendered":"https:\/\/energroupbhp.com\/?post_type=product&#038;p=3755"},"modified":"2026-04-04T09:49:43","modified_gmt":"2026-04-04T07:49:43","slug":"silbet-helm-viking","status":"publish","type":"product","link":"https:\/\/energroupbhp.com\/pl\/produkt\/silbet-helm-viking\/","title":{"rendered":"Silbet HE\u0141M VIKING"},"content":{"rendered":"<p>Przemys\u0142owy he\u0142m ochronny<span class=\"apple-converted-space\">\u00a0<\/span>VIKING.\u00a0Regulacja wi\u0119\u017aby na \u015brub\u0119, kt\u00f3ra po wci\u015bni\u0119ciu blokuje mechanizm, natomiast po wyci\u0105gni\u0119ciu umo\u017cliwia \u0142atwy obr\u00f3t i dopasowanie do rozmiaru g\u0142owy.<br \/>\nTekstylna wi\u0119\u017aba<span class=\"apple-converted-space\">\u00a0<\/span>oraz mi\u0119kki, przyjemny w dotyku\u00a0napotnik<span class=\"apple-converted-space\">\u00a0<\/span>powoduj\u0105, \u017ce praca mo\u017ce trwa\u0107 d\u0142ugi czas, bez konieczno\u015bci stosowania dodatkowych przerw.<br \/>\nVIKING jest zgodny z wymaganiami europejskiej normy<span class=\"apple-converted-space\">\u00a0<\/span>EN-397.<br \/>\nDzi\u0119ki<span class=\"apple-converted-space\">\u00a0<\/span>mocowaniom na\u00a0osprz\u0119t, VIKING mo\u017ce by\u0107 stosowany przez u\u017cytkownik\u00f3w\u00a0pracuj\u0105cych w warunkach, kt\u00f3re wymagaj\u0105 zastosowania dodatkowych zabezpiecze\u0144.<\/p>","protected":false},"excerpt":{"rendered":"<p>Przemys\u0142owy he\u0142m ochronny\u00a0VIKING.\u00a0Regulacja wi\u0119\u017aby na \u015brub\u0119, kt\u00f3ra po wci\u015bni\u0119ciu blokuje mechanizm, natomiast po wyci\u0105gni\u0119ciu umo\u017cliwia \u0142atwy obr\u00f3t i dopasowanie do rozmiaru g\u0142owy. Tekstylna wi\u0119\u017aba\u00a0oraz mi\u0119kki, przyjemny w dotyku\u00a0napotnik\u00a0powoduj\u0105, \u017ce praca mo\u017ce trwa\u0107 d\u0142ugi czas, bez konieczno\u015bci stosowania dodatkowych przerw. VIKING jest zgodny z wymaganiami europejskiej normy\u00a0EN-397. Dzi\u0119ki\u00a0mocowaniom na\u00a0osprz\u0119t, VIKING mo\u017ce by\u0107 stosowany przez u\u017cytkownik\u00f3w\u00a0pracuj\u0105cych w [&#8230;]\n","protected":false},"featured_media":3756,"comment_status":"open","ping_status":"closed","template":"","meta":[],"product_brand":[],"product_cat":[75],"product_tag":[],"class_list":{"0":"post-3755","1":"product","2":"type-product","3":"status-publish","4":"has-post-thumbnail","6":"product_cat-akcesoria-odziez-robocza-bhp","8":"first","9":"instock","10":"taxable","11":"shipping-taxable","12":"purchasable","13":"product-type-variable"},"_links":{"self":[{"href":"https:\/\/energroupbhp.com\/pl\/wp-json\/wp\/v2\/product\/3755","targetHints":{"allow":["GET"]}}],"collection":[{"href":"https:\/\/energroupbhp.com\/pl\/wp-json\/wp\/v2\/product"}],"about":[{"href":"https:\/\/energroupbhp.com\/pl\/wp-json\/wp\/v2\/types\/product"}],"replies":[{"embeddable":true,"href":"https:\/\/energroupbhp.com\/pl\/wp-json\/wp\/v2\/comments?post=3755"}],"wp:featuredmedia":[{"embeddable":true,"href":"https:\/\/energroupbhp.com\/pl\/wp-json\/wp\/v2\/media\/3756"}],"wp:attachment":[{"href":"https:\/\/energroupbhp.com\/pl\/wp-json\/wp\/v2\/media?parent=3755"}],"wp:term":[{"taxonomy":"product_brand","embeddable":true,"href":"https:\/\/energroupbhp.com\/pl\/wp-json\/wp\/v2\/product_brand?post=3755"},{"taxonomy":"product_cat","embeddable":true,"href":"https:\/\/energroupbhp.com\/pl\/wp-json\/wp\/v2\/product_cat?post=3755"},{"taxonomy":"product_tag","embeddable":true,"href":"https:\/\/energroupbhp.com\/pl\/wp-json\/wp\/v2\/product_tag?post=3755"}],"curies":[{"name":"wp","href":"https:\/\/api.w.org\/{rel}","templated":true}]}}