{"id":3767,"date":"2026-04-03T15:03:53","date_gmt":"2026-04-03T13:03:53","guid":{"rendered":"https:\/\/energroupbhp.com\/?post_type=product&#038;p=3767"},"modified":"2026-04-04T09:49:32","modified_gmt":"2026-04-04T07:49:32","slug":"silbet-helm-thor","status":"publish","type":"product","link":"https:\/\/energroupbhp.com\/pl\/produkt\/silbet-helm-thor\/","title":{"rendered":"Silbet HE\u0141M THOR"},"content":{"rendered":"<p>Przemys\u0142owy he\u0142m ochronny z wentylacj\u0105, wykonany z polietylenu o du\u017cej g\u0119sto\u015bci (HDPE). Wi\u0119\u017aba 4 punktowa, regulacja wi\u0119\u017aby na \u015brub\u0119, kt\u00f3ra po wci\u015bni\u0119ciu blokuje mechanizm, natomiast po wyci\u0105gni\u0119ciu umo\u017cliwia \u0142atwy obr\u00f3t i dopasowanie do rozmiaru g\u0142owy.<br \/>\nHe\u0142m przebadany na zgodno\u015b\u0107\u00a0z norm\u0105 EN-397:2012+A1:2012<\/p>","protected":false},"excerpt":{"rendered":"<p>Przemys\u0142owy he\u0142m ochronny z wentylacj\u0105, wykonany z polietylenu o du\u017cej g\u0119sto\u015bci (HDPE). Wi\u0119\u017aba 4 punktowa, regulacja wi\u0119\u017aby na \u015brub\u0119, kt\u00f3ra po wci\u015bni\u0119ciu blokuje mechanizm, natomiast po wyci\u0105gni\u0119ciu umo\u017cliwia \u0142atwy obr\u00f3t i dopasowanie do rozmiaru g\u0142owy. He\u0142m przebadany na zgodno\u015b\u0107\u00a0z norm\u0105 EN-397:2012+A1:2012<\/p>","protected":false},"featured_media":3765,"comment_status":"open","ping_status":"closed","template":"","meta":[],"product_brand":[],"product_cat":[75],"product_tag":[],"class_list":{"0":"post-3767","1":"product","2":"type-product","3":"status-publish","4":"has-post-thumbnail","6":"product_cat-akcesoria-odziez-robocza-bhp","8":"first","9":"instock","10":"taxable","11":"shipping-taxable","12":"purchasable","13":"product-type-variable"},"_links":{"self":[{"href":"https:\/\/energroupbhp.com\/pl\/wp-json\/wp\/v2\/product\/3767","targetHints":{"allow":["GET"]}}],"collection":[{"href":"https:\/\/energroupbhp.com\/pl\/wp-json\/wp\/v2\/product"}],"about":[{"href":"https:\/\/energroupbhp.com\/pl\/wp-json\/wp\/v2\/types\/product"}],"replies":[{"embeddable":true,"href":"https:\/\/energroupbhp.com\/pl\/wp-json\/wp\/v2\/comments?post=3767"}],"wp:featuredmedia":[{"embeddable":true,"href":"https:\/\/energroupbhp.com\/pl\/wp-json\/wp\/v2\/media\/3765"}],"wp:attachment":[{"href":"https:\/\/energroupbhp.com\/pl\/wp-json\/wp\/v2\/media?parent=3767"}],"wp:term":[{"taxonomy":"product_brand","embeddable":true,"href":"https:\/\/energroupbhp.com\/pl\/wp-json\/wp\/v2\/product_brand?post=3767"},{"taxonomy":"product_cat","embeddable":true,"href":"https:\/\/energroupbhp.com\/pl\/wp-json\/wp\/v2\/product_cat?post=3767"},{"taxonomy":"product_tag","embeddable":true,"href":"https:\/\/energroupbhp.com\/pl\/wp-json\/wp\/v2\/product_tag?post=3767"}],"curies":[{"name":"wp","href":"https:\/\/api.w.org\/{rel}","templated":true}]}}