{"id":3775,"date":"2026-04-03T15:34:59","date_gmt":"2026-04-03T13:34:59","guid":{"rendered":"https:\/\/energroupbhp.com\/?post_type=product&#038;p=3775"},"modified":"2026-04-04T09:49:19","modified_gmt":"2026-04-04T07:49:19","slug":"apteczka-pierwszej-pomocy-typ-din-material","status":"publish","type":"product","link":"https:\/\/energroupbhp.com\/pl\/produkt\/apteczka-pierwszej-pomocy-typ-din-material\/","title":{"rendered":"Apteczka pierwszej pomocy typ DIN MATERIA\u0141"},"content":{"rendered":"<div class=\"elementor-element elementor-element-3652f39f elementor-widget elementor-widget-heading\" data-id=\"3652f39f\" data-element_type=\"widget\" data-widget_type=\"heading.default\">\n<h2 class=\"elementor-heading-title elementor-size-default\">Opis produktu<\/h2>\n<\/div>\n<div class=\"elementor-element elementor-element-102f8d1 elementor-widget elementor-widget-text-editor\" data-id=\"102f8d1\" data-element_type=\"widget\" data-widget_type=\"text-editor.default\">\n<p><strong>Zastosowanie :\u00a0<\/strong><\/p>\n<ul>\n<li>przeznaczona do samochod\u00f3w osobowych oraz ci\u0119\u017carowych<\/li>\n<\/ul>\n<p><strong>Cechy :\u00a0\u00a0<\/strong><\/p>\n<ul>\n<li>Saszetka z wodoodpornej tkaniny.<\/li>\n<li>Rzep mocuj\u0105cy do tapicerki.<\/li>\n<li>Zamek b\u0142yskawiczny.<\/li>\n<li>Wyroby medyczne oznakowane znakiem CE.<\/li>\n<li>Apteczka spe\u0142nia wymagania norm Unii Europejskiej.<\/li>\n<li>Termin wa\u017cno\u015bci produkt\u00f3w sterylnych wynosi 5 lat.<\/li>\n<li>Rodzaj opakowania : worek foliowy \/ karton.<\/li>\n<li>Dost\u0119pne kolory saszetek : pomara\u0144cz , czerwie\u0144 , seledyn.<\/li>\n<\/ul>\n<p><strong>Wymiary apteczki TYP DIN MATERIA\u0141 \u00a0<\/strong>: 215 mm x 125 mm x 60 mm<\/p>\n<p><strong>Dost\u0119pne wyposa\u017cenia :<\/strong><\/p>\n<p><strong><u>\u00a0DIN\u00a0<\/u><\/strong><strong><u>13164<\/u><\/strong><\/p>\n<p><strong>\u00a0<u>DIN 13164<\/u>\u00a0+ aparat do sztucznego oddychania<\/strong><\/p>\n<\/div>","protected":false},"excerpt":{"rendered":"<p>Opis produktu Zastosowanie :\u00a0 przeznaczona do samochod\u00f3w osobowych oraz ci\u0119\u017carowych Cechy :\u00a0\u00a0 Saszetka z wodoodpornej tkaniny. Rzep mocuj\u0105cy do tapicerki. Zamek b\u0142yskawiczny. Wyroby medyczne oznakowane znakiem CE. Apteczka spe\u0142nia wymagania norm Unii Europejskiej. Termin wa\u017cno\u015bci produkt\u00f3w sterylnych wynosi 5 lat. Rodzaj opakowania : worek foliowy \/ karton. Dost\u0119pne kolory saszetek : pomara\u0144cz , czerwie\u0144 , [&#8230;]\n","protected":false},"featured_media":3776,"comment_status":"open","ping_status":"closed","template":"","meta":[],"product_brand":[],"product_cat":[75],"product_tag":[],"class_list":{"0":"post-3775","1":"product","2":"type-product","3":"status-publish","4":"has-post-thumbnail","6":"product_cat-akcesoria-odziez-robocza-bhp","8":"first","9":"instock","10":"taxable","11":"shipping-taxable","12":"purchasable","13":"product-type-simple"},"_links":{"self":[{"href":"https:\/\/energroupbhp.com\/pl\/wp-json\/wp\/v2\/product\/3775","targetHints":{"allow":["GET"]}}],"collection":[{"href":"https:\/\/energroupbhp.com\/pl\/wp-json\/wp\/v2\/product"}],"about":[{"href":"https:\/\/energroupbhp.com\/pl\/wp-json\/wp\/v2\/types\/product"}],"replies":[{"embeddable":true,"href":"https:\/\/energroupbhp.com\/pl\/wp-json\/wp\/v2\/comments?post=3775"}],"wp:featuredmedia":[{"embeddable":true,"href":"https:\/\/energroupbhp.com\/pl\/wp-json\/wp\/v2\/media\/3776"}],"wp:attachment":[{"href":"https:\/\/energroupbhp.com\/pl\/wp-json\/wp\/v2\/media?parent=3775"}],"wp:term":[{"taxonomy":"product_brand","embeddable":true,"href":"https:\/\/energroupbhp.com\/pl\/wp-json\/wp\/v2\/product_brand?post=3775"},{"taxonomy":"product_cat","embeddable":true,"href":"https:\/\/energroupbhp.com\/pl\/wp-json\/wp\/v2\/product_cat?post=3775"},{"taxonomy":"product_tag","embeddable":true,"href":"https:\/\/energroupbhp.com\/pl\/wp-json\/wp\/v2\/product_tag?post=3775"}],"curies":[{"name":"wp","href":"https:\/\/api.w.org\/{rel}","templated":true}]}}