{"id":3780,"date":"2026-04-03T15:38:03","date_gmt":"2026-04-03T13:38:03","guid":{"rendered":"https:\/\/energroupbhp.com\/?post_type=product&#038;p=3780"},"modified":"2026-04-04T09:49:08","modified_gmt":"2026-04-04T07:49:08","slug":"apteczka-pierwszej-pomocy","status":"publish","type":"product","link":"https:\/\/energroupbhp.com\/pl\/produkt\/apteczka-pierwszej-pomocy\/","title":{"rendered":"Apteczka pierwszej pomocy"},"content":{"rendered":"<div class=\"elementor-element elementor-element-4e6511cb elementor-widget elementor-widget-heading\" data-id=\"4e6511cb\" data-element_type=\"widget\" data-widget_type=\"heading.default\">\n<h2 class=\"elementor-heading-title elementor-size-default\">Opis produktu<\/h2>\n<\/div>\n<div class=\"elementor-element elementor-element-24e45a5 elementor-widget elementor-widget-text-editor\" data-id=\"24e45a5\" data-element_type=\"widget\" data-widget_type=\"text-editor.default\">\n<p><strong>Zastosowanie :<\/strong><\/p>\n<ul>\n<li><strong>przeznaczona do\u00a0 zak\u0142ad\u00f3w pracy<\/strong><\/li>\n<\/ul>\n<p><strong>Cechy\u00a0<\/strong><\/p>\n<ul>\n<li>Pude\u0142ko wykonane\u00a0 z tworzywa sztucznego ABS\u00a0 .<\/li>\n<li>Uchwyt do\u00a0zamocowania na \u015bcianie.<\/li>\n<li>R\u0105czka do swobodnego przenoszenia .<\/li>\n<li>Termin wa\u017cno\u015bci produkt\u00f3w sterylnych wynosi 5 lat.<\/li>\n<li>Wyroby medyczne oznakowane znakiem CE.<\/li>\n<li>Apteczka spe\u0142nia wymagania norm Unii Europejskiej.<\/li>\n<li>Rodzaj opakowania : karton<\/li>\n<li>Dost\u0119pne kolory pude\u0142ek : pomara\u0144cz .<\/li>\n<\/ul>\n<p><strong>Wymiary apteczki TYP K10 \u00a0<\/strong>: 280 mm x 210 mm x 115 mm<\/p>\n<p><strong>Dost\u0119pne wyposa\u017cenia :<\/strong><\/p>\n<p><strong>\u00a0<u>DIN 13164\u00a0<\/u>\u00a0+ aparat do sztucznego oddychania<\/strong><\/p>\n<\/div>","protected":false},"excerpt":{"rendered":"<p>Opis produktu Zastosowanie : przeznaczona do\u00a0 zak\u0142ad\u00f3w pracy Cechy\u00a0 Pude\u0142ko wykonane\u00a0 z tworzywa sztucznego ABS\u00a0 . Uchwyt do\u00a0zamocowania na \u015bcianie. R\u0105czka do swobodnego przenoszenia . Termin wa\u017cno\u015bci produkt\u00f3w sterylnych wynosi 5 lat. Wyroby medyczne oznakowane znakiem CE. Apteczka spe\u0142nia wymagania norm Unii Europejskiej. Rodzaj opakowania : karton Dost\u0119pne kolory pude\u0142ek : pomara\u0144cz . Wymiary apteczki [&#8230;]\n","protected":false},"featured_media":3781,"comment_status":"open","ping_status":"closed","template":"","meta":[],"product_brand":[],"product_cat":[75],"product_tag":[],"class_list":{"0":"post-3780","1":"product","2":"type-product","3":"status-publish","4":"has-post-thumbnail","6":"product_cat-akcesoria-odziez-robocza-bhp","8":"first","9":"instock","10":"taxable","11":"shipping-taxable","12":"purchasable","13":"product-type-simple"},"_links":{"self":[{"href":"https:\/\/energroupbhp.com\/pl\/wp-json\/wp\/v2\/product\/3780","targetHints":{"allow":["GET"]}}],"collection":[{"href":"https:\/\/energroupbhp.com\/pl\/wp-json\/wp\/v2\/product"}],"about":[{"href":"https:\/\/energroupbhp.com\/pl\/wp-json\/wp\/v2\/types\/product"}],"replies":[{"embeddable":true,"href":"https:\/\/energroupbhp.com\/pl\/wp-json\/wp\/v2\/comments?post=3780"}],"wp:featuredmedia":[{"embeddable":true,"href":"https:\/\/energroupbhp.com\/pl\/wp-json\/wp\/v2\/media\/3781"}],"wp:attachment":[{"href":"https:\/\/energroupbhp.com\/pl\/wp-json\/wp\/v2\/media?parent=3780"}],"wp:term":[{"taxonomy":"product_brand","embeddable":true,"href":"https:\/\/energroupbhp.com\/pl\/wp-json\/wp\/v2\/product_brand?post=3780"},{"taxonomy":"product_cat","embeddable":true,"href":"https:\/\/energroupbhp.com\/pl\/wp-json\/wp\/v2\/product_cat?post=3780"},{"taxonomy":"product_tag","embeddable":true,"href":"https:\/\/energroupbhp.com\/pl\/wp-json\/wp\/v2\/product_tag?post=3780"}],"curies":[{"name":"wp","href":"https:\/\/api.w.org\/{rel}","templated":true}]}}