{"id":3785,"date":"2026-04-04T09:37:24","date_gmt":"2026-04-04T07:37:24","guid":{"rendered":"https:\/\/energroupbhp.com\/?post_type=product&#038;p=3785"},"modified":"2026-04-04T10:56:43","modified_gmt":"2026-04-04T08:56:43","slug":"procera-polar-meski-vision-300-g-yellow","status":"publish","type":"product","link":"https:\/\/energroupbhp.com\/pl\/produkt\/procera-polar-meski-vision-300-g-yellow\/","title":{"rendered":"Procera POLAR M\u0118SKI VISION 300 G YELLOW"},"content":{"rendered":"<p>Bluza polarowa VISION o bardzo dobrych w\u0142a\u015bciwo\u015bciach cieplnych zapinana na zamek, wykonana z polaru o gramaturze 300g\/m2. Polar posiada dwie kieszenie boczne na zamek b\u0142yskawiczny. Podw\u00f3jna, mi\u0119kka, polarowa st\u00f3jka chroni\u0105ca szyj\u0119 przed zimnem. 100% poliester, 300g\/m2. (UE) 2016\/425 Kategoria I &#8211; tylko do minimalnych zagro\u017ce\u0144<\/p>","protected":false},"excerpt":{"rendered":"<p>Bluza polarowa VISION o bardzo dobrych w\u0142a\u015bciwo\u015bciach cieplnych zapinana na zamek, wykonana z polaru o gramaturze 300g\/m2. Polar posiada dwie kieszenie boczne na zamek b\u0142yskawiczny. Podw\u00f3jna, mi\u0119kka, polarowa st\u00f3jka chroni\u0105ca szyj\u0119 przed zimnem. 100% poliester, 300g\/m2. (UE) 2016\/425 Kategoria I &#8211; tylko do minimalnych zagro\u017ce\u0144<\/p>","protected":false},"featured_media":3786,"comment_status":"open","ping_status":"closed","template":"","meta":[],"product_brand":[],"product_cat":[61],"product_tag":[],"class_list":{"0":"post-3785","1":"product","2":"type-product","3":"status-publish","4":"has-post-thumbnail","6":"product_cat-kurtki-robocze-bhp","8":"first","9":"instock","10":"taxable","11":"shipping-taxable","12":"purchasable","13":"product-type-variable"},"_links":{"self":[{"href":"https:\/\/energroupbhp.com\/pl\/wp-json\/wp\/v2\/product\/3785","targetHints":{"allow":["GET"]}}],"collection":[{"href":"https:\/\/energroupbhp.com\/pl\/wp-json\/wp\/v2\/product"}],"about":[{"href":"https:\/\/energroupbhp.com\/pl\/wp-json\/wp\/v2\/types\/product"}],"replies":[{"embeddable":true,"href":"https:\/\/energroupbhp.com\/pl\/wp-json\/wp\/v2\/comments?post=3785"}],"wp:featuredmedia":[{"embeddable":true,"href":"https:\/\/energroupbhp.com\/pl\/wp-json\/wp\/v2\/media\/3786"}],"wp:attachment":[{"href":"https:\/\/energroupbhp.com\/pl\/wp-json\/wp\/v2\/media?parent=3785"}],"wp:term":[{"taxonomy":"product_brand","embeddable":true,"href":"https:\/\/energroupbhp.com\/pl\/wp-json\/wp\/v2\/product_brand?post=3785"},{"taxonomy":"product_cat","embeddable":true,"href":"https:\/\/energroupbhp.com\/pl\/wp-json\/wp\/v2\/product_cat?post=3785"},{"taxonomy":"product_tag","embeddable":true,"href":"https:\/\/energroupbhp.com\/pl\/wp-json\/wp\/v2\/product_tag?post=3785"}],"curies":[{"name":"wp","href":"https:\/\/api.w.org\/{rel}","templated":true}]}}