{"id":3793,"date":"2026-04-04T09:43:08","date_gmt":"2026-04-04T07:43:08","guid":{"rendered":"https:\/\/energroupbhp.com\/?post_type=product&#038;p=3793"},"modified":"2026-04-04T11:04:32","modified_gmt":"2026-04-04T09:04:32","slug":"procera-polar-300-sniper-zolty","status":"publish","type":"product","link":"https:\/\/energroupbhp.com\/pl\/produkt\/procera-polar-300-sniper-zolty\/","title":{"rendered":"PROCERA POLAR 300 SNIPER \u017b\u00d3\u0141TY"},"content":{"rendered":"<p>Bluza polarowa SNIPER o bardzo dobrych w\u0142a\u015bciwo\u015bciach cieplnych, zapinana na zamek, wykonana z polaru o gramaturze 300g\/m2. Posiada zasuwan\u0105 kiesze\u0144 zewn\u0119trzn\u0105 na klatce piersiowej i dwie zasuwane kieszenie dolne. R\u0119kawy z regulacj\u0105 na rzep zwi\u0119kszaj\u0105 komfort jednocze\u015bnie poprawiaj\u0105c izolacj\u0119 termiczn\u0105. W dolnej cz\u0119\u015bci regulacja na gumce ze stoperami. Rozmiary: S- XXXL. Pakowanie: 1\/10 karton. (UE) 2016\/425 Kategoria I &#8211; tylko do minimalnych zagro\u017ce\u0144.<\/p>","protected":false},"excerpt":{"rendered":"<p>Bluza polarowa SNIPER o bardzo dobrych w\u0142a\u015bciwo\u015bciach cieplnych, zapinana na zamek, wykonana z polaru o gramaturze 300g\/m2. Posiada zasuwan\u0105 kiesze\u0144 zewn\u0119trzn\u0105 na klatce piersiowej i dwie zasuwane kieszenie dolne. R\u0119kawy z regulacj\u0105 na rzep zwi\u0119kszaj\u0105 komfort jednocze\u015bnie poprawiaj\u0105c izolacj\u0119 termiczn\u0105. W dolnej cz\u0119\u015bci regulacja na gumce ze stoperami. Rozmiary: S- XXXL. Pakowanie: 1\/10 karton. (UE) [&#8230;]\n","protected":false},"featured_media":3797,"comment_status":"open","ping_status":"closed","template":"","meta":[],"product_brand":[],"product_cat":[61],"product_tag":[],"class_list":{"0":"post-3793","1":"product","2":"type-product","3":"status-publish","4":"has-post-thumbnail","6":"product_cat-kurtki-robocze-bhp","8":"first","9":"instock","10":"taxable","11":"shipping-taxable","12":"purchasable","13":"product-type-variable"},"_links":{"self":[{"href":"https:\/\/energroupbhp.com\/pl\/wp-json\/wp\/v2\/product\/3793","targetHints":{"allow":["GET"]}}],"collection":[{"href":"https:\/\/energroupbhp.com\/pl\/wp-json\/wp\/v2\/product"}],"about":[{"href":"https:\/\/energroupbhp.com\/pl\/wp-json\/wp\/v2\/types\/product"}],"replies":[{"embeddable":true,"href":"https:\/\/energroupbhp.com\/pl\/wp-json\/wp\/v2\/comments?post=3793"}],"wp:featuredmedia":[{"embeddable":true,"href":"https:\/\/energroupbhp.com\/pl\/wp-json\/wp\/v2\/media\/3797"}],"wp:attachment":[{"href":"https:\/\/energroupbhp.com\/pl\/wp-json\/wp\/v2\/media?parent=3793"}],"wp:term":[{"taxonomy":"product_brand","embeddable":true,"href":"https:\/\/energroupbhp.com\/pl\/wp-json\/wp\/v2\/product_brand?post=3793"},{"taxonomy":"product_cat","embeddable":true,"href":"https:\/\/energroupbhp.com\/pl\/wp-json\/wp\/v2\/product_cat?post=3793"},{"taxonomy":"product_tag","embeddable":true,"href":"https:\/\/energroupbhp.com\/pl\/wp-json\/wp\/v2\/product_tag?post=3793"}],"curies":[{"name":"wp","href":"https:\/\/api.w.org\/{rel}","templated":true}]}}