{"id":3805,"date":"2026-04-04T10:17:27","date_gmt":"2026-04-04T08:17:27","guid":{"rendered":"https:\/\/energroupbhp.com\/?post_type=product&#038;p=3805"},"modified":"2026-04-04T11:04:22","modified_gmt":"2026-04-04T09:04:22","slug":"procera-softshell-atral","status":"publish","type":"product","link":"https:\/\/energroupbhp.com\/pl\/produkt\/procera-softshell-atral\/","title":{"rendered":"PROCERA SOFTSHELL  ATRAL"},"content":{"rendered":"<p>oftshell ATRAL &#8211; kurtka wielosezonowa wykonana z materia\u0142u o sk\u0142adzie: poliester 95%, spandex 5% &#8211; gramatura 310g\/m2. Softshell doskonale sprawdza si\u0119 w warunkach ch\u0142odu, wiatru i wilgoci przy jednoczesnym zachowaniu w\u0142a\u015bciwo\u015bci oddychaj\u0105cych. Posiada wiele wygodnych kieszeni: 2 kieszenie na klatce piersiowej kryte klapami zapinanymi na rzepy, dwie mniejsze kieszenie piersiowe na przybory oraz dwie kieszenie dolne. R\u0119kawy zako\u0144czone prostym mankietem z regulacj\u0105 na napy. Nowoczesny i stylowy design. Bardzo wysoka jako\u015b\u0107 wykonania i wyko\u0144czenia. Gwarantuje ochron\u0119 przed warunkami atmosferycznymi przy jednoczesnym komforcie i swobodzie u\u017cytkowania. Dost\u0119pne rozmiary: S-XXL. Pakowanie: 1\/10 karton.<\/p>","protected":false},"excerpt":{"rendered":"<p>oftshell ATRAL &#8211; kurtka wielosezonowa wykonana z materia\u0142u o sk\u0142adzie: poliester 95%, spandex 5% &#8211; gramatura 310g\/m2. Softshell doskonale sprawdza si\u0119 w warunkach ch\u0142odu, wiatru i wilgoci przy jednoczesnym zachowaniu w\u0142a\u015bciwo\u015bci oddychaj\u0105cych. Posiada wiele wygodnych kieszeni: 2 kieszenie na klatce piersiowej kryte klapami zapinanymi na rzepy, dwie mniejsze kieszenie piersiowe na przybory oraz dwie kieszenie [&#8230;]\n","protected":false},"featured_media":3808,"comment_status":"open","ping_status":"closed","template":"","meta":[],"product_brand":[],"product_cat":[61],"product_tag":[],"class_list":{"0":"post-3805","1":"product","2":"type-product","3":"status-publish","4":"has-post-thumbnail","6":"product_cat-kurtki-robocze-bhp","8":"first","9":"instock","10":"taxable","11":"shipping-taxable","12":"purchasable","13":"product-type-variable"},"_links":{"self":[{"href":"https:\/\/energroupbhp.com\/pl\/wp-json\/wp\/v2\/product\/3805","targetHints":{"allow":["GET"]}}],"collection":[{"href":"https:\/\/energroupbhp.com\/pl\/wp-json\/wp\/v2\/product"}],"about":[{"href":"https:\/\/energroupbhp.com\/pl\/wp-json\/wp\/v2\/types\/product"}],"replies":[{"embeddable":true,"href":"https:\/\/energroupbhp.com\/pl\/wp-json\/wp\/v2\/comments?post=3805"}],"wp:featuredmedia":[{"embeddable":true,"href":"https:\/\/energroupbhp.com\/pl\/wp-json\/wp\/v2\/media\/3808"}],"wp:attachment":[{"href":"https:\/\/energroupbhp.com\/pl\/wp-json\/wp\/v2\/media?parent=3805"}],"wp:term":[{"taxonomy":"product_brand","embeddable":true,"href":"https:\/\/energroupbhp.com\/pl\/wp-json\/wp\/v2\/product_brand?post=3805"},{"taxonomy":"product_cat","embeddable":true,"href":"https:\/\/energroupbhp.com\/pl\/wp-json\/wp\/v2\/product_cat?post=3805"},{"taxonomy":"product_tag","embeddable":true,"href":"https:\/\/energroupbhp.com\/pl\/wp-json\/wp\/v2\/product_tag?post=3805"}],"curies":[{"name":"wp","href":"https:\/\/api.w.org\/{rel}","templated":true}]}}