{"id":3815,"date":"2026-04-04T10:21:01","date_gmt":"2026-04-04T08:21:01","guid":{"rendered":"https:\/\/energroupbhp.com\/?post_type=product&#038;p=3815"},"modified":"2026-04-04T11:04:10","modified_gmt":"2026-04-04T09:04:10","slug":"procera-softshell-kurtka-sniper-zolta-hv","status":"publish","type":"product","link":"https:\/\/energroupbhp.com\/pl\/produkt\/procera-softshell-kurtka-sniper-zolta-hv\/","title":{"rendered":"PROCERA SOFTSHELL KURTKA SNIPER \u017b\u00d3\u0141TA HV"},"content":{"rendered":"<p>Kurtka wielosezonowa wykonana z materia\u0142u typu softshell o gramaturze 320g\/m2, z polarowym wyko\u0144czeniem od wewn\u0105trz. Softshell doskonale sprawdza si\u0119 w warunkach ch\u0142odu, wiatru i wilgoci. 3 wygodne kieszenie: zasuwana kiesze\u0144 piersiowa oraz 2 zasuwane kieszenie dolne. R\u0119kawy z regulacj\u0105 na rzep zwi\u0119kszaj\u0105 komfort jednocze\u015bnie poprawiaj\u0105c izolacj\u0119 termiczn\u0105. Bardzo wysoka jako\u015b\u0107 wykonania i wyko\u0144czenia. Gwarantuje ochron\u0119 przed warunkami atmosferycznymi przy jednoczesnym komforcie i swobodzie u\u017cytkowania. W dolnej cz\u0119\u015bci regulacja na gumce ze stoperami. Dost\u0119pne rozmiary: S-XXXL. Pakowanie: 1\/10 karton. (UE) 2016\/425. Kategoria I &#8211; tylko do minimalnych zagro\u017ce\u0144.<\/p>","protected":false},"excerpt":{"rendered":"<p>Kurtka wielosezonowa wykonana z materia\u0142u typu softshell o gramaturze 320g\/m2, z polarowym wyko\u0144czeniem od wewn\u0105trz. Softshell doskonale sprawdza si\u0119 w warunkach ch\u0142odu, wiatru i wilgoci. 3 wygodne kieszenie: zasuwana kiesze\u0144 piersiowa oraz 2 zasuwane kieszenie dolne. R\u0119kawy z regulacj\u0105 na rzep zwi\u0119kszaj\u0105 komfort jednocze\u015bnie poprawiaj\u0105c izolacj\u0119 termiczn\u0105. Bardzo wysoka jako\u015b\u0107 wykonania i wyko\u0144czenia. Gwarantuje ochron\u0119 [&#8230;]\n","protected":false},"featured_media":3819,"comment_status":"open","ping_status":"closed","template":"","meta":[],"product_brand":[],"product_cat":[61],"product_tag":[],"class_list":{"0":"post-3815","1":"product","2":"type-product","3":"status-publish","4":"has-post-thumbnail","6":"product_cat-kurtki-robocze-bhp","8":"first","9":"instock","10":"taxable","11":"shipping-taxable","12":"purchasable","13":"product-type-variable"},"_links":{"self":[{"href":"https:\/\/energroupbhp.com\/pl\/wp-json\/wp\/v2\/product\/3815","targetHints":{"allow":["GET"]}}],"collection":[{"href":"https:\/\/energroupbhp.com\/pl\/wp-json\/wp\/v2\/product"}],"about":[{"href":"https:\/\/energroupbhp.com\/pl\/wp-json\/wp\/v2\/types\/product"}],"replies":[{"embeddable":true,"href":"https:\/\/energroupbhp.com\/pl\/wp-json\/wp\/v2\/comments?post=3815"}],"wp:featuredmedia":[{"embeddable":true,"href":"https:\/\/energroupbhp.com\/pl\/wp-json\/wp\/v2\/media\/3819"}],"wp:attachment":[{"href":"https:\/\/energroupbhp.com\/pl\/wp-json\/wp\/v2\/media?parent=3815"}],"wp:term":[{"taxonomy":"product_brand","embeddable":true,"href":"https:\/\/energroupbhp.com\/pl\/wp-json\/wp\/v2\/product_brand?post=3815"},{"taxonomy":"product_cat","embeddable":true,"href":"https:\/\/energroupbhp.com\/pl\/wp-json\/wp\/v2\/product_cat?post=3815"},{"taxonomy":"product_tag","embeddable":true,"href":"https:\/\/energroupbhp.com\/pl\/wp-json\/wp\/v2\/product_tag?post=3815"}],"curies":[{"name":"wp","href":"https:\/\/api.w.org\/{rel}","templated":true}]}}