{"id":3852,"date":"2026-04-04T11:44:48","date_gmt":"2026-04-04T09:44:48","guid":{"rendered":"https:\/\/energroupbhp.com\/?post_type=product&#038;p=3852"},"modified":"2026-04-04T11:44:48","modified_gmt":"2026-04-04T09:44:48","slug":"chusteczki-do-usuwania-tluszczu-sleepy-easy-clean-super-grease-remover-30-arkuszy","status":"publish","type":"product","link":"https:\/\/energroupbhp.com\/pl\/produkt\/chusteczki-do-usuwania-tluszczu-sleepy-easy-clean-super-grease-remover-30-arkuszy\/","title":{"rendered":"Chusteczki do usuwania t\u0142uszczu Sleepy Easy Clean Super Grease Remover 30 arkuszy"},"content":{"rendered":"<p>Opis produktu<br \/>\nChusteczki do usuwania t\u0142uszczu Sleepy Easy Clean Super Grease Remover 30 arkuszy<\/p>\n<p>Co to jest?\u00a0 Chusteczki czyszcz\u0105ce Sleepy Easy Clean Surface Cleaning Wipes opracowano z my\u015bl\u0105 o osobach poszukuj\u0105cych wyj\u0105tkowo praktycznych rozwi\u0105za\u0144 w kuchni. Dzi\u0119ki naturalnej formule zawieraj\u0105cej ocet spirytusowy, sod\u0119 oczyszczon\u0105 i kwas cytrynowy, doskonale usuwa uporczywe plamy z t\u0142uszczu.<\/p>\n<p>Zalety:<\/p>\n<p>Naturalna formu\u0142a z bia\u0142ym octem, sod\u0105 oczyszczon\u0105 i kwasem cytrynowym.<\/p>\n<p>W\u0142\u00f3knista chusteczka nas\u0105czona detergentem do gruntownego czyszczenia.<\/p>\n<p>Dwustronna powierzchnia z warstwami White Micro Cyclone i Green Macro Fiber.<\/p>\n<p>Powierzchnia Green Macro Fiber usuwa trudne plamy t\u0142uszczu dzi\u0119ki aktywnej formule pieni\u0105cej.<\/p>\n<p>Bia\u0142a powierzchnia Micro Cyclone skutecznie zatrzymuje brud.<\/p>\n<p>3-etapowe czyszczenie: nanie\u015b\u0107 pian\u0119 zielon\u0105 stron\u0105, przetrze\u0107 bia\u0142\u0105 stron\u0105, a nast\u0119pnie sp\u0142uka\u0107.<\/p>\n<p>Obszary zastosowania:<\/p>\n<p>Doskonale nadaje si\u0119 do mycia naczy\u0144, piekarnik\u00f3w, okap\u00f3w i p\u0142yt kuchennych.<\/p>\n<p>Doskonale nadaje si\u0119 do usuwania t\u0142ustych plam i przypalonych pozosta\u0142o\u015bci.<\/p>\n<p>Sk\u0142adniki:\u00a0 Ocet bia\u0142y, soda oczyszczona, kwas cytrynowy<\/p>","protected":false},"excerpt":{"rendered":"<p>Opis produktu Chusteczki do usuwania t\u0142uszczu Sleepy Easy Clean Super Grease Remover 30 arkuszy Co to jest?\u00a0 Chusteczki czyszcz\u0105ce Sleepy Easy Clean Surface Cleaning Wipes opracowano z my\u015bl\u0105 o osobach poszukuj\u0105cych wyj\u0105tkowo praktycznych rozwi\u0105za\u0144 w kuchni. Dzi\u0119ki naturalnej formule zawieraj\u0105cej ocet spirytusowy, sod\u0119 oczyszczon\u0105 i kwas cytrynowy, doskonale usuwa uporczywe plamy z t\u0142uszczu. Zalety: Naturalna [&#8230;]\n","protected":false},"featured_media":3853,"comment_status":"open","ping_status":"closed","template":"","meta":[],"product_brand":[],"product_cat":[35],"product_tag":[],"class_list":{"0":"post-3852","1":"product","2":"type-product","3":"status-publish","4":"has-post-thumbnail","6":"product_cat-narzedzia-i-akcesoria-bhp","8":"first","9":"instock","10":"sale","11":"taxable","12":"shipping-taxable","13":"purchasable","14":"product-type-simple"},"_links":{"self":[{"href":"https:\/\/energroupbhp.com\/pl\/wp-json\/wp\/v2\/product\/3852","targetHints":{"allow":["GET"]}}],"collection":[{"href":"https:\/\/energroupbhp.com\/pl\/wp-json\/wp\/v2\/product"}],"about":[{"href":"https:\/\/energroupbhp.com\/pl\/wp-json\/wp\/v2\/types\/product"}],"replies":[{"embeddable":true,"href":"https:\/\/energroupbhp.com\/pl\/wp-json\/wp\/v2\/comments?post=3852"}],"wp:featuredmedia":[{"embeddable":true,"href":"https:\/\/energroupbhp.com\/pl\/wp-json\/wp\/v2\/media\/3853"}],"wp:attachment":[{"href":"https:\/\/energroupbhp.com\/pl\/wp-json\/wp\/v2\/media?parent=3852"}],"wp:term":[{"taxonomy":"product_brand","embeddable":true,"href":"https:\/\/energroupbhp.com\/pl\/wp-json\/wp\/v2\/product_brand?post=3852"},{"taxonomy":"product_cat","embeddable":true,"href":"https:\/\/energroupbhp.com\/pl\/wp-json\/wp\/v2\/product_cat?post=3852"},{"taxonomy":"product_tag","embeddable":true,"href":"https:\/\/energroupbhp.com\/pl\/wp-json\/wp\/v2\/product_tag?post=3852"}],"curies":[{"name":"wp","href":"https:\/\/api.w.org\/{rel}","templated":true}]}}