{"id":3859,"date":"2026-04-04T11:58:27","date_gmt":"2026-04-04T09:58:27","guid":{"rendered":"https:\/\/energroupbhp.com\/?post_type=product&#038;p=3859"},"modified":"2026-04-04T11:58:27","modified_gmt":"2026-04-04T09:58:27","slug":"sciereczki-do-czyszczenia-lazienki-30-szt-sleepy-easy-clean","status":"publish","type":"product","link":"https:\/\/energroupbhp.com\/pl\/produkt\/sciereczki-do-czyszczenia-lazienki-30-szt-sleepy-easy-clean\/","title":{"rendered":"\u015aciereczki do czyszczenia \u0142azienki 30 szt. Sleepy Easy Clean"},"content":{"rendered":"<p>\u015bciereczki do czyszczenia \u0142azienki Sleepy Easy Clean doskonale usuwaj\u0105 trudne zabrudzenia i osady z kamienia. Nie zostawiaj\u0105 smug, s\u0105 skuteczne, doskonale sprawdzaj\u0105 si\u0119 w codziennym utrzymaniu higieny i blasku \u0142azienkowych powierzchni. Usuwaj\u0105 zabrudzenie i osady wapienne, skutecznie wp\u0142ywaj\u0105 na jako\u015b\u0107 czyszczonych pomieszcze\u0144 sanitarnych.<\/p>\n<p>Czyszczenie \u0142azienek i pomieszcze\u0144 sanitarnych<\/p>","protected":false},"excerpt":{"rendered":"<p>\u015bciereczki do czyszczenia \u0142azienki Sleepy Easy Clean doskonale usuwaj\u0105 trudne zabrudzenia i osady z kamienia. Nie zostawiaj\u0105 smug, s\u0105 skuteczne, doskonale sprawdzaj\u0105 si\u0119 w codziennym utrzymaniu higieny i blasku \u0142azienkowych powierzchni. Usuwaj\u0105 zabrudzenie i osady wapienne, skutecznie wp\u0142ywaj\u0105 na jako\u015b\u0107 czyszczonych pomieszcze\u0144 sanitarnych. Czyszczenie \u0142azienek i pomieszcze\u0144 sanitarnych<\/p>","protected":false},"featured_media":3863,"comment_status":"open","ping_status":"closed","template":"","meta":[],"product_brand":[],"product_cat":[35],"product_tag":[],"class_list":{"0":"post-3859","1":"product","2":"type-product","3":"status-publish","4":"has-post-thumbnail","6":"product_cat-narzedzia-i-akcesoria-bhp","8":"first","9":"instock","10":"sale","11":"taxable","12":"shipping-taxable","13":"purchasable","14":"product-type-simple"},"_links":{"self":[{"href":"https:\/\/energroupbhp.com\/pl\/wp-json\/wp\/v2\/product\/3859","targetHints":{"allow":["GET"]}}],"collection":[{"href":"https:\/\/energroupbhp.com\/pl\/wp-json\/wp\/v2\/product"}],"about":[{"href":"https:\/\/energroupbhp.com\/pl\/wp-json\/wp\/v2\/types\/product"}],"replies":[{"embeddable":true,"href":"https:\/\/energroupbhp.com\/pl\/wp-json\/wp\/v2\/comments?post=3859"}],"wp:featuredmedia":[{"embeddable":true,"href":"https:\/\/energroupbhp.com\/pl\/wp-json\/wp\/v2\/media\/3863"}],"wp:attachment":[{"href":"https:\/\/energroupbhp.com\/pl\/wp-json\/wp\/v2\/media?parent=3859"}],"wp:term":[{"taxonomy":"product_brand","embeddable":true,"href":"https:\/\/energroupbhp.com\/pl\/wp-json\/wp\/v2\/product_brand?post=3859"},{"taxonomy":"product_cat","embeddable":true,"href":"https:\/\/energroupbhp.com\/pl\/wp-json\/wp\/v2\/product_cat?post=3859"},{"taxonomy":"product_tag","embeddable":true,"href":"https:\/\/energroupbhp.com\/pl\/wp-json\/wp\/v2\/product_tag?post=3859"}],"curies":[{"name":"wp","href":"https:\/\/api.w.org\/{rel}","templated":true}]}}